{"id":694,"date":"2022-02-07T16:39:03","date_gmt":"2022-02-07T15:39:03","guid":{"rendered":"http:\/\/cmediterraneo.com\/?page_id=694"},"modified":"2022-02-07T16:51:36","modified_gmt":"2022-02-07T15:51:36","slug":"psicologia-2","status":"publish","type":"page","link":"https:\/\/cmediterraneo.com\/?page_id=694","title":{"rendered":"Psicolog\u00eda"},"content":{"rendered":"\n<p>Bienvenidos a un espacio de aprendizaje y trabajo personal, donde los conocimientos cient\u00edficos sobre el comportamiento humano se ponen al a tu servicio para poder sacar el m\u00e1ximo partido de cada uno. Un entorno de seguridad donde ser escuchado y atendido, tanto a ti, como a los tuyos. <\/p>\n\n\n\n<blockquote class=\"wp-block-quote is-layout-flow wp-block-quote-is-layout-flow\"><p>Estuve buscando fuera de m\u00ed para encontrar la fuerza y la confianza pero \u00e9stas provienen de adentro. Siempre han estado all\u00ed<\/p><cite>A. Freud<\/cite><\/blockquote>\n\n\n\n<p>Nuestro&nbsp;<strong>equipo de psic\u00f3logos<\/strong> <strong>y neuropsic\u00f3logos<\/strong> en Alzira y Valencia est\u00e1 formado por profesionales de la salud colegiados y especializados, con una larga trayectoria en el ejercicio de sus correspondientes disciplinas. Nuestro equipo, adem\u00e1s, se esfuerzan por actualizar y ampliar sus conocimientos en un proceso de formaci\u00f3n cont\u00ednua.<\/p>\n\n\n\n<p>Nuestro servicio de psicolog\u00eda trabaja en:<\/p>\n\n\n\n<ul class=\"wp-block-list\"><li>Problemas del estado de \u00e1nimo.<\/li><li>Problemas y trastornos de ansiedad.\u00a0<\/li><li>Alteraciones del sue\u00f1o.<\/li><li>Problemas de conducta.<\/li><li>Adquisici\u00f3n de h\u00e1bitos y autonom\u00eda.\u00a0<\/li><li>Terapia de pareja y\/o relaciones familiares.<\/li><li>Habilidades sociales.<\/li><li>Autoestima.<\/li><li>Crecimiento personal.<\/li><li>Adquisici\u00f3n de h\u00e1bitos saludables.<\/li><li>Trastornos de la alimentaci\u00f3n.<\/li><li>Acompa\u00f1amiento psicol\u00f3gico durante tratamientos y procesos m\u00e9dicos.<\/li><li>T\u00e9cnicas de estudio.<\/li><\/ul>\n\n\n\n<hr class=\"wp-block-separator\"\/>\n\n\n\n<h3 class=\"wp-block-heading\">\u00bfQUIERES EMPEZAR? CONTACTA CON NOSOTROS MEDIANTE EL FORMULARIO<\/h3>\n\n\n\n<div class=\"wp-block-contact-form-7-contact-form-selector\">[contact-form-7 id=\u00bb144&#8243; title=\u00bbPonte en contacto con nosotros\u00bb]<\/div>\n\n\n\n<hr class=\"wp-block-separator\"\/>\n\n\n\n<h3 class=\"wp-block-heading\">\u00bfQUIERES SABER LO QUE OPINAN NUESTROS PACIENTES SOBRE NOSOTROS?<\/h3>\n\n\n<p>[grw place_photo=\u00bbhttp:\/\/cmediterraneo.com\/wp-content\/uploads\/2017\/11\/logo-paint-1-e1511257579799.png\u00bb place_name=\u00bbCentro Mediterr\u00e1neo Diet\u00e9tica y Nutrici\u00f3n\u00bb place_id=\u00bbChIJswz-OKC6YQ0RZ-eJyMtpSlc\u00bb pagination=\u00bb5&#8243; text_size=\u00bb120&#8243; refresh_reviews=true lazy_load_img=true reduce_avatars_size=true open_link=true nofollow_link=true]<\/p>\n","protected":false},"excerpt":{"rendered":"<p>Bienvenidos a un espacio de aprendizaje y trabajo personal, donde los conocimientos cient\u00edficos sobre el comportamiento humano se ponen al a tu servicio para poder sacar el m\u00e1ximo partido de cada uno. Un entorno de seguridad donde ser escuchado y atendido, tanto a ti, como a los tuyos. Estuve buscando fuera de m\u00ed para encontrar&hellip; <\/p>\n","protected":false},"author":1,"featured_media":0,"parent":0,"menu_order":0,"comment_status":"closed","ping_status":"closed","template":"","meta":{"footnotes":""},"class_list":["post-694","page","type-page","status-publish","hentry"],"yoast_head":"<!-- This site is optimized with the Yoast SEO plugin v26.7 - https:\/\/yoast.com\/wordpress\/plugins\/seo\/ -->\n<title>Psicolog\u00eda - Centro Mediterr\u00e1neo<\/title>\n<meta name=\"robots\" content=\"index, follow, max-snippet:-1, max-image-preview:large, max-video-preview:-1\" \/>\n<link rel=\"canonical\" href=\"https:\/\/cmediterraneo.com\/?page_id=694\" \/>\n<meta property=\"og:locale\" content=\"es_ES\" \/>\n<meta property=\"og:type\" content=\"article\" \/>\n<meta property=\"og:title\" content=\"Psicolog\u00eda - Centro Mediterr\u00e1neo\" \/>\n<meta property=\"og:description\" content=\"Bienvenidos a un espacio de aprendizaje y trabajo personal, donde los conocimientos cient\u00edficos sobre el comportamiento humano se ponen al a tu servicio para poder sacar el m\u00e1ximo partido de cada uno. Un entorno de seguridad donde ser escuchado y atendido, tanto a ti, como a los tuyos. Estuve buscando fuera de m\u00ed para encontrar&hellip;\" \/>\n<meta property=\"og:url\" content=\"https:\/\/cmediterraneo.com\/?page_id=694\" \/>\n<meta property=\"og:site_name\" content=\"Centro Mediterr\u00e1neo\" \/>\n<meta property=\"article:modified_time\" content=\"2022-02-07T15:51:36+00:00\" \/>\n<meta name=\"twitter:card\" content=\"summary_large_image\" \/>\n<meta name=\"twitter:label1\" content=\"Tiempo de lectura\" \/>\n\t<meta name=\"twitter:data1\" content=\"1 minuto\" \/>\n<script type=\"application\/ld+json\" class=\"yoast-schema-graph\">{\"@context\":\"https:\/\/schema.org\",\"@graph\":[{\"@type\":\"WebPage\",\"@id\":\"https:\/\/cmediterraneo.com\/?page_id=694\",\"url\":\"https:\/\/cmediterraneo.com\/?page_id=694\",\"name\":\"Psicolog\u00eda - Centro Mediterr\u00e1neo\",\"isPartOf\":{\"@id\":\"https:\/\/cmediterraneo.com\/#website\"},\"datePublished\":\"2022-02-07T15:39:03+00:00\",\"dateModified\":\"2022-02-07T15:51:36+00:00\",\"breadcrumb\":{\"@id\":\"https:\/\/cmediterraneo.com\/?page_id=694#breadcrumb\"},\"inLanguage\":\"es\",\"potentialAction\":[{\"@type\":\"ReadAction\",\"target\":[\"https:\/\/cmediterraneo.com\/?page_id=694\"]}]},{\"@type\":\"BreadcrumbList\",\"@id\":\"https:\/\/cmediterraneo.com\/?page_id=694#breadcrumb\",\"itemListElement\":[{\"@type\":\"ListItem\",\"position\":1,\"name\":\"Portada\",\"item\":\"https:\/\/cmediterraneo.com\/\"},{\"@type\":\"ListItem\",\"position\":2,\"name\":\"Psicolog\u00eda\"}]},{\"@type\":\"WebSite\",\"@id\":\"https:\/\/cmediterraneo.com\/#website\",\"url\":\"https:\/\/cmediterraneo.com\/\",\"name\":\"Centro Mediterr\u00e1neo\",\"description\":\"Diet\u00e9tica y Nutrici\u00f3n\",\"publisher\":{\"@id\":\"https:\/\/cmediterraneo.com\/#organization\"},\"potentialAction\":[{\"@type\":\"SearchAction\",\"target\":{\"@type\":\"EntryPoint\",\"urlTemplate\":\"https:\/\/cmediterraneo.com\/?s={search_term_string}\"},\"query-input\":{\"@type\":\"PropertyValueSpecification\",\"valueRequired\":true,\"valueName\":\"search_term_string\"}}],\"inLanguage\":\"es\"},{\"@type\":\"Organization\",\"@id\":\"https:\/\/cmediterraneo.com\/#organization\",\"name\":\"Centro Mediterr\u00e1neo cl\u00ednica multidisciplinar\",\"url\":\"https:\/\/cmediterraneo.com\/\",\"logo\":{\"@type\":\"ImageObject\",\"inLanguage\":\"es\",\"@id\":\"https:\/\/cmediterraneo.com\/#\/schema\/logo\/image\/\",\"url\":\"https:\/\/cmediterraneo.com\/wp-content\/uploads\/2026\/01\/cropped-Diseno-sin-titulo-4.png\",\"contentUrl\":\"https:\/\/cmediterraneo.com\/wp-content\/uploads\/2026\/01\/cropped-Diseno-sin-titulo-4.png\",\"width\":1563,\"height\":1082,\"caption\":\"Centro Mediterr\u00e1neo cl\u00ednica multidisciplinar\"},\"image\":{\"@id\":\"https:\/\/cmediterraneo.com\/#\/schema\/logo\/image\/\"},\"sameAs\":[\"https:\/\/www.instagram.com\/centro_mediterraneo\/\"]}]}<\/script>\n<!-- \/ Yoast SEO plugin. -->","yoast_head_json":{"title":"Psicolog\u00eda - Centro Mediterr\u00e1neo","robots":{"index":"index","follow":"follow","max-snippet":"max-snippet:-1","max-image-preview":"max-image-preview:large","max-video-preview":"max-video-preview:-1"},"canonical":"https:\/\/cmediterraneo.com\/?page_id=694","og_locale":"es_ES","og_type":"article","og_title":"Psicolog\u00eda - Centro Mediterr\u00e1neo","og_description":"Bienvenidos a un espacio de aprendizaje y trabajo personal, donde los conocimientos cient\u00edficos sobre el comportamiento humano se ponen al a tu servicio para poder sacar el m\u00e1ximo partido de cada uno. Un entorno de seguridad donde ser escuchado y atendido, tanto a ti, como a los tuyos. Estuve buscando fuera de m\u00ed para encontrar&hellip;","og_url":"https:\/\/cmediterraneo.com\/?page_id=694","og_site_name":"Centro Mediterr\u00e1neo","article_modified_time":"2022-02-07T15:51:36+00:00","twitter_card":"summary_large_image","twitter_misc":{"Tiempo de lectura":"1 minuto"},"schema":{"@context":"https:\/\/schema.org","@graph":[{"@type":"WebPage","@id":"https:\/\/cmediterraneo.com\/?page_id=694","url":"https:\/\/cmediterraneo.com\/?page_id=694","name":"Psicolog\u00eda - Centro Mediterr\u00e1neo","isPartOf":{"@id":"https:\/\/cmediterraneo.com\/#website"},"datePublished":"2022-02-07T15:39:03+00:00","dateModified":"2022-02-07T15:51:36+00:00","breadcrumb":{"@id":"https:\/\/cmediterraneo.com\/?page_id=694#breadcrumb"},"inLanguage":"es","potentialAction":[{"@type":"ReadAction","target":["https:\/\/cmediterraneo.com\/?page_id=694"]}]},{"@type":"BreadcrumbList","@id":"https:\/\/cmediterraneo.com\/?page_id=694#breadcrumb","itemListElement":[{"@type":"ListItem","position":1,"name":"Portada","item":"https:\/\/cmediterraneo.com\/"},{"@type":"ListItem","position":2,"name":"Psicolog\u00eda"}]},{"@type":"WebSite","@id":"https:\/\/cmediterraneo.com\/#website","url":"https:\/\/cmediterraneo.com\/","name":"Centro Mediterr\u00e1neo","description":"Diet\u00e9tica y Nutrici\u00f3n","publisher":{"@id":"https:\/\/cmediterraneo.com\/#organization"},"potentialAction":[{"@type":"SearchAction","target":{"@type":"EntryPoint","urlTemplate":"https:\/\/cmediterraneo.com\/?s={search_term_string}"},"query-input":{"@type":"PropertyValueSpecification","valueRequired":true,"valueName":"search_term_string"}}],"inLanguage":"es"},{"@type":"Organization","@id":"https:\/\/cmediterraneo.com\/#organization","name":"Centro Mediterr\u00e1neo cl\u00ednica multidisciplinar","url":"https:\/\/cmediterraneo.com\/","logo":{"@type":"ImageObject","inLanguage":"es","@id":"https:\/\/cmediterraneo.com\/#\/schema\/logo\/image\/","url":"https:\/\/cmediterraneo.com\/wp-content\/uploads\/2026\/01\/cropped-Diseno-sin-titulo-4.png","contentUrl":"https:\/\/cmediterraneo.com\/wp-content\/uploads\/2026\/01\/cropped-Diseno-sin-titulo-4.png","width":1563,"height":1082,"caption":"Centro Mediterr\u00e1neo cl\u00ednica multidisciplinar"},"image":{"@id":"https:\/\/cmediterraneo.com\/#\/schema\/logo\/image\/"},"sameAs":["https:\/\/www.instagram.com\/centro_mediterraneo\/"]}]}},"_links":{"self":[{"href":"https:\/\/cmediterraneo.com\/index.php?rest_route=\/wp\/v2\/pages\/694","targetHints":{"allow":["GET"]}}],"collection":[{"href":"https:\/\/cmediterraneo.com\/index.php?rest_route=\/wp\/v2\/pages"}],"about":[{"href":"https:\/\/cmediterraneo.com\/index.php?rest_route=\/wp\/v2\/types\/page"}],"author":[{"embeddable":true,"href":"https:\/\/cmediterraneo.com\/index.php?rest_route=\/wp\/v2\/users\/1"}],"replies":[{"embeddable":true,"href":"https:\/\/cmediterraneo.com\/index.php?rest_route=%2Fwp%2Fv2%2Fcomments&post=694"}],"version-history":[{"count":5,"href":"https:\/\/cmediterraneo.com\/index.php?rest_route=\/wp\/v2\/pages\/694\/revisions"}],"predecessor-version":[{"id":705,"href":"https:\/\/cmediterraneo.com\/index.php?rest_route=\/wp\/v2\/pages\/694\/revisions\/705"}],"wp:attachment":[{"href":"https:\/\/cmediterraneo.com\/index.php?rest_route=%2Fwp%2Fv2%2Fmedia&parent=694"}],"curies":[{"name":"wp","href":"https:\/\/api.w.org\/{rel}","templated":true}]}}