{"id":482,"date":"2020-02-19T11:10:41","date_gmt":"2020-02-19T10:10:41","guid":{"rendered":"http:\/\/cmediterraneo.com\/?page_id=482"},"modified":"2026-01-07T13:42:22","modified_gmt":"2026-01-07T12:42:22","slug":"dieta-online","status":"publish","type":"page","link":"https:\/\/cmediterraneo.com\/?page_id=482","title":{"rendered":"Consulta ONLINE"},"content":{"rendered":"\n<h2 class=\"wp-block-heading\">\u00bfPorqu\u00e9 contar con un servicio de Dietista-Nutricionista Online?<\/h2>\n\n\n\n<figure class=\"wp-block-image size-large\"><img loading=\"lazy\" decoding=\"async\" width=\"2025\" height=\"1139\" src=\"https:\/\/cmediterraneo.com\/wp-content\/uploads\/2026\/01\/Blue-and-Gray-Simple-Desktop-Mockup-Instagram-Post-edited.png\" alt=\"\" class=\"wp-image-848\" srcset=\"https:\/\/cmediterraneo.com\/wp-content\/uploads\/2026\/01\/Blue-and-Gray-Simple-Desktop-Mockup-Instagram-Post-edited.png 2025w, https:\/\/cmediterraneo.com\/wp-content\/uploads\/2026\/01\/Blue-and-Gray-Simple-Desktop-Mockup-Instagram-Post-edited-300x169.png 300w, https:\/\/cmediterraneo.com\/wp-content\/uploads\/2026\/01\/Blue-and-Gray-Simple-Desktop-Mockup-Instagram-Post-edited-1024x576.png 1024w, https:\/\/cmediterraneo.com\/wp-content\/uploads\/2026\/01\/Blue-and-Gray-Simple-Desktop-Mockup-Instagram-Post-edited-768x432.png 768w, https:\/\/cmediterraneo.com\/wp-content\/uploads\/2026\/01\/Blue-and-Gray-Simple-Desktop-Mockup-Instagram-Post-edited-1536x864.png 1536w\" sizes=\"auto, (max-width: 2025px) 100vw, 2025px\" \/><\/figure>\n\n\n\n<p><\/p>\n\n\n\n<p>Este servicio est\u00e1 muy recomendado si tienes malos horarios laborales o est\u00e1s \u202flejos de nuestras consultas presenciales.&nbsp;Contar\u00e1s con un equipo \u202f<a rel=\"noreferrer noopener\" href=\"http:\/\/cmediterraneo.com\/?page_id=31\" target=\"_blank\">Dietista\u2013Nutricionista<\/a>\u202f online colegiado&nbsp;por la Universidad de Valencia.<\/p>\n\n\n\n<h4 class=\"wp-block-heading\">Realizamos el\u202f mismo servicio \u202fque en nuestros centros f\u00edsicos y ofrecemos la posibilidad de hacer seguimientos por&nbsp;whatsap&nbsp;,&nbsp;via&nbsp;gmail, videoconferencia o presenciales.&nbsp;<\/h4>\n\n\n\n<p>El trato ser\u00e1 totalmente personalizado, teniendo en cuenta tu\u202f estado f\u00edsico actual, tus gustos, tus horarios, tus \u202fnecesidades energ\u00e9ticas y \u202fn\u00famero de ingestas.&nbsp;&nbsp;<\/p>\n\n\n\n<h2 class=\"wp-block-heading\">\u00bfC\u00f3mo funciona?<\/h2>\n\n\n\n<figure class=\"wp-block-image size-large\"><img loading=\"lazy\" decoding=\"async\" width=\"809\" height=\"218\" src=\"http:\/\/cmediterraneo.com\/wp-content\/uploads\/2020\/02\/Captura-de-pantalla-2020-02-25-a-las-20.20.55.png\" alt=\"\" class=\"wp-image-488\" srcset=\"https:\/\/cmediterraneo.com\/wp-content\/uploads\/2020\/02\/Captura-de-pantalla-2020-02-25-a-las-20.20.55.png 809w, https:\/\/cmediterraneo.com\/wp-content\/uploads\/2020\/02\/Captura-de-pantalla-2020-02-25-a-las-20.20.55-300x81.png 300w, https:\/\/cmediterraneo.com\/wp-content\/uploads\/2020\/02\/Captura-de-pantalla-2020-02-25-a-las-20.20.55-768x207.png 768w\" sizes=\"auto, (max-width: 809px) 100vw, 809px\" \/><\/figure>\n\n\n\n<p><\/p>\n\n\n\n<h2 class=\"wp-block-heading\">\u00bfQu\u00e9 precio tiene este servicio?&nbsp;&nbsp;<\/h2>\n\n\n\n<p>El servicio es mensual y el precio es de <strong>50 euros<\/strong>, en esta cuota se incluir\u00edan todos los seguimientos no presenciales (pudiendo realizarlos mediante whatsapp, correo, tel\u00e9fono o videoconferencia) y un seguimiento presencial si se deseara.<\/p>\n\n\n\n<h2 class=\"wp-block-heading\"><strong>\u00bfQ<\/strong>u\u00e9 servicios prestamos de forma Online?<\/h2>\n\n\n\n<div class=\"wp-block-group\"><div class=\"wp-block-group__inner-container is-layout-flow wp-block-group-is-layout-flow\">\n<ul class=\"wp-block-list\">\n<li>Dieta para perder de peso.\u00a0<\/li>\n\n\n\n<li>Educaci\u00f3n nutricional<\/li>\n\n\n\n<li>Dieta para ganar peso\u00a0\u00a0<\/li>\n\n\n\n<li>Pack nutrici\u00f3n deportiva +\u00a0suplementaci\u00f3n\u00a0deportiva\u00a0<\/li>\n\n\n\n<li>Dieta para diferentes patolog\u00edas<\/li>\n\n\n\n<li>Dieta en intolerancias o alergias<\/li>\n\n\n\n<li>Dieta vegetariana o vegana<\/li>\n\n\n\n<li>Nutrici\u00f3n en embarazadas o lactantes<\/li>\n<\/ul>\n<\/div><\/div>\n\n\n\n<p>Realizamos videoconferencias con todos los pacientes, reproduciendo la misma operativa que en nuestras consultas presenciales. Te enviaremos toda la informaci\u00f3n y la dieta personalizada de forma electr\u00f3nica y tendr\u00e1s siempre contacto con el dietista-nutricionista que se te asigne seg\u00fan sea tu caso, pues cada uno de nuestros diest\u00edstas-nutricionistas se especializa en una de ellas para ofrecer el mejor servicio.<\/p>\n\n\n\n<p><\/p>\n\n\n\n<h2 class=\"wp-block-heading\">\u00bfQUIERES EMPEZAR? CONTACTA CON NOSOTROS MEDIANTE EL FORMULARIO<\/h2>\n\n\n<p>[contact-form-7 id=\u00bb144&#8243; title=\u00bbPonte en contacto con nosotros\u00bb]<\/p>\n\n\n\n<h2 class=\"wp-block-heading has-text-align-center\">\u00bfQUIERES SABER LO QUE OPINAN NUESTROS PACIENTES SOBRE NOSOTROS?<\/h2>\n\n\n<p>[grw place_photo=\u00bbhttp:\/\/cmediterraneo.com\/wp-content\/uploads\/2017\/11\/logo-paint-1-e1511257579799.png\u00bb place_name=\u00bbCentro Mediterr\u00e1neo Diet\u00e9tica y Nutrici\u00f3n\u00bb place_id=\u00bbChIJswz-OKC6YQ0RZ-eJyMtpSlc\u00bb pagination=\u00bb5&#8243; text_size=\u00bb120&#8243; refresh_reviews=true lazy_load_img=true reduce_avatars_size=true open_link=true nofollow_link=true]<\/p>\n","protected":false},"excerpt":{"rendered":"<p>\u00bfPorqu\u00e9 contar con un servicio de Dietista-Nutricionista Online? Este servicio est\u00e1 muy recomendado si tienes malos horarios laborales o est\u00e1s \u202flejos de nuestras consultas presenciales.&nbsp;Contar\u00e1s con un equipo \u202fDietista\u2013Nutricionista\u202f online colegiado&nbsp;por la Universidad de Valencia. Realizamos el\u202f mismo servicio \u202fque en nuestros centros f\u00edsicos y ofrecemos la posibilidad de hacer seguimientos por&nbsp;whatsap&nbsp;,&nbsp;via&nbsp;gmail, videoconferencia o presenciales.&nbsp;&hellip; <\/p>\n","protected":false},"author":1,"featured_media":0,"parent":0,"menu_order":0,"comment_status":"closed","ping_status":"closed","template":"","meta":{"footnotes":""},"class_list":["post-482","page","type-page","status-publish","hentry"],"yoast_head":"<!-- This site is optimized with the Yoast SEO plugin v26.7 - https:\/\/yoast.com\/wordpress\/plugins\/seo\/ -->\n<title>Consulta ONLINE - Centro Mediterr\u00e1neo<\/title>\n<meta name=\"robots\" content=\"index, follow, max-snippet:-1, max-image-preview:large, max-video-preview:-1\" \/>\n<link rel=\"canonical\" href=\"https:\/\/cmediterraneo.com\/?page_id=482\" \/>\n<meta property=\"og:locale\" content=\"es_ES\" \/>\n<meta property=\"og:type\" content=\"article\" \/>\n<meta property=\"og:title\" content=\"Consulta ONLINE - Centro Mediterr\u00e1neo\" \/>\n<meta property=\"og:description\" content=\"\u00bfPorqu\u00e9 contar con un servicio de Dietista-Nutricionista Online? Este servicio est\u00e1 muy recomendado si tienes malos horarios laborales o est\u00e1s \u202flejos de nuestras consultas presenciales.&nbsp;Contar\u00e1s con un equipo \u202fDietista\u2013Nutricionista\u202f online colegiado&nbsp;por la Universidad de Valencia. Realizamos el\u202f mismo servicio \u202fque en nuestros centros f\u00edsicos y ofrecemos la posibilidad de hacer seguimientos por&nbsp;whatsap&nbsp;,&nbsp;via&nbsp;gmail, videoconferencia o presenciales.&nbsp;&hellip;\" \/>\n<meta property=\"og:url\" content=\"https:\/\/cmediterraneo.com\/?page_id=482\" \/>\n<meta property=\"og:site_name\" content=\"Centro Mediterr\u00e1neo\" \/>\n<meta property=\"article:modified_time\" content=\"2026-01-07T12:42:22+00:00\" \/>\n<meta property=\"og:image\" content=\"https:\/\/cmediterraneo.com\/wp-content\/uploads\/2026\/01\/Blue-and-Gray-Simple-Desktop-Mockup-Instagram-Post-edited-1024x576.png\" \/>\n\t<meta property=\"og:image:width\" content=\"1024\" \/>\n\t<meta property=\"og:image:height\" content=\"576\" \/>\n\t<meta property=\"og:image:type\" content=\"image\/png\" \/>\n<meta name=\"twitter:card\" content=\"summary_large_image\" \/>\n<meta name=\"twitter:label1\" content=\"Tiempo de lectura\" \/>\n\t<meta name=\"twitter:data1\" content=\"2 minutos\" \/>\n<script type=\"application\/ld+json\" class=\"yoast-schema-graph\">{\"@context\":\"https:\/\/schema.org\",\"@graph\":[{\"@type\":\"WebPage\",\"@id\":\"https:\/\/cmediterraneo.com\/?page_id=482\",\"url\":\"https:\/\/cmediterraneo.com\/?page_id=482\",\"name\":\"Consulta ONLINE - Centro Mediterr\u00e1neo\",\"isPartOf\":{\"@id\":\"https:\/\/cmediterraneo.com\/#website\"},\"primaryImageOfPage\":{\"@id\":\"https:\/\/cmediterraneo.com\/?page_id=482#primaryimage\"},\"image\":{\"@id\":\"https:\/\/cmediterraneo.com\/?page_id=482#primaryimage\"},\"thumbnailUrl\":\"https:\/\/cmediterraneo.com\/wp-content\/uploads\/2026\/01\/Blue-and-Gray-Simple-Desktop-Mockup-Instagram-Post-edited.png\",\"datePublished\":\"2020-02-19T10:10:41+00:00\",\"dateModified\":\"2026-01-07T12:42:22+00:00\",\"breadcrumb\":{\"@id\":\"https:\/\/cmediterraneo.com\/?page_id=482#breadcrumb\"},\"inLanguage\":\"es\",\"potentialAction\":[{\"@type\":\"ReadAction\",\"target\":[\"https:\/\/cmediterraneo.com\/?page_id=482\"]}]},{\"@type\":\"ImageObject\",\"inLanguage\":\"es\",\"@id\":\"https:\/\/cmediterraneo.com\/?page_id=482#primaryimage\",\"url\":\"https:\/\/cmediterraneo.com\/wp-content\/uploads\/2026\/01\/Blue-and-Gray-Simple-Desktop-Mockup-Instagram-Post-edited.png\",\"contentUrl\":\"https:\/\/cmediterraneo.com\/wp-content\/uploads\/2026\/01\/Blue-and-Gray-Simple-Desktop-Mockup-Instagram-Post-edited.png\",\"width\":2025,\"height\":1139},{\"@type\":\"BreadcrumbList\",\"@id\":\"https:\/\/cmediterraneo.com\/?page_id=482#breadcrumb\",\"itemListElement\":[{\"@type\":\"ListItem\",\"position\":1,\"name\":\"Portada\",\"item\":\"https:\/\/cmediterraneo.com\/\"},{\"@type\":\"ListItem\",\"position\":2,\"name\":\"Consulta ONLINE\"}]},{\"@type\":\"WebSite\",\"@id\":\"https:\/\/cmediterraneo.com\/#website\",\"url\":\"https:\/\/cmediterraneo.com\/\",\"name\":\"Centro Mediterr\u00e1neo\",\"description\":\"Diet\u00e9tica y Nutrici\u00f3n\",\"publisher\":{\"@id\":\"https:\/\/cmediterraneo.com\/#organization\"},\"potentialAction\":[{\"@type\":\"SearchAction\",\"target\":{\"@type\":\"EntryPoint\",\"urlTemplate\":\"https:\/\/cmediterraneo.com\/?s={search_term_string}\"},\"query-input\":{\"@type\":\"PropertyValueSpecification\",\"valueRequired\":true,\"valueName\":\"search_term_string\"}}],\"inLanguage\":\"es\"},{\"@type\":\"Organization\",\"@id\":\"https:\/\/cmediterraneo.com\/#organization\",\"name\":\"Centro Mediterr\u00e1neo cl\u00ednica multidisciplinar\",\"url\":\"https:\/\/cmediterraneo.com\/\",\"logo\":{\"@type\":\"ImageObject\",\"inLanguage\":\"es\",\"@id\":\"https:\/\/cmediterraneo.com\/#\/schema\/logo\/image\/\",\"url\":\"https:\/\/cmediterraneo.com\/wp-content\/uploads\/2026\/01\/cropped-Diseno-sin-titulo-4.png\",\"contentUrl\":\"https:\/\/cmediterraneo.com\/wp-content\/uploads\/2026\/01\/cropped-Diseno-sin-titulo-4.png\",\"width\":1563,\"height\":1082,\"caption\":\"Centro Mediterr\u00e1neo cl\u00ednica multidisciplinar\"},\"image\":{\"@id\":\"https:\/\/cmediterraneo.com\/#\/schema\/logo\/image\/\"},\"sameAs\":[\"https:\/\/www.instagram.com\/centro_mediterraneo\/\"]}]}<\/script>\n<!-- \/ Yoast SEO plugin. -->","yoast_head_json":{"title":"Consulta ONLINE - Centro Mediterr\u00e1neo","robots":{"index":"index","follow":"follow","max-snippet":"max-snippet:-1","max-image-preview":"max-image-preview:large","max-video-preview":"max-video-preview:-1"},"canonical":"https:\/\/cmediterraneo.com\/?page_id=482","og_locale":"es_ES","og_type":"article","og_title":"Consulta ONLINE - Centro Mediterr\u00e1neo","og_description":"\u00bfPorqu\u00e9 contar con un servicio de Dietista-Nutricionista Online? Este servicio est\u00e1 muy recomendado si tienes malos horarios laborales o est\u00e1s \u202flejos de nuestras consultas presenciales.&nbsp;Contar\u00e1s con un equipo \u202fDietista\u2013Nutricionista\u202f online colegiado&nbsp;por la Universidad de Valencia. Realizamos el\u202f mismo servicio \u202fque en nuestros centros f\u00edsicos y ofrecemos la posibilidad de hacer seguimientos por&nbsp;whatsap&nbsp;,&nbsp;via&nbsp;gmail, videoconferencia o presenciales.&nbsp;&hellip;","og_url":"https:\/\/cmediterraneo.com\/?page_id=482","og_site_name":"Centro Mediterr\u00e1neo","article_modified_time":"2026-01-07T12:42:22+00:00","og_image":[{"width":1024,"height":576,"url":"https:\/\/cmediterraneo.com\/wp-content\/uploads\/2026\/01\/Blue-and-Gray-Simple-Desktop-Mockup-Instagram-Post-edited-1024x576.png","type":"image\/png"}],"twitter_card":"summary_large_image","twitter_misc":{"Tiempo de lectura":"2 minutos"},"schema":{"@context":"https:\/\/schema.org","@graph":[{"@type":"WebPage","@id":"https:\/\/cmediterraneo.com\/?page_id=482","url":"https:\/\/cmediterraneo.com\/?page_id=482","name":"Consulta ONLINE - Centro Mediterr\u00e1neo","isPartOf":{"@id":"https:\/\/cmediterraneo.com\/#website"},"primaryImageOfPage":{"@id":"https:\/\/cmediterraneo.com\/?page_id=482#primaryimage"},"image":{"@id":"https:\/\/cmediterraneo.com\/?page_id=482#primaryimage"},"thumbnailUrl":"https:\/\/cmediterraneo.com\/wp-content\/uploads\/2026\/01\/Blue-and-Gray-Simple-Desktop-Mockup-Instagram-Post-edited.png","datePublished":"2020-02-19T10:10:41+00:00","dateModified":"2026-01-07T12:42:22+00:00","breadcrumb":{"@id":"https:\/\/cmediterraneo.com\/?page_id=482#breadcrumb"},"inLanguage":"es","potentialAction":[{"@type":"ReadAction","target":["https:\/\/cmediterraneo.com\/?page_id=482"]}]},{"@type":"ImageObject","inLanguage":"es","@id":"https:\/\/cmediterraneo.com\/?page_id=482#primaryimage","url":"https:\/\/cmediterraneo.com\/wp-content\/uploads\/2026\/01\/Blue-and-Gray-Simple-Desktop-Mockup-Instagram-Post-edited.png","contentUrl":"https:\/\/cmediterraneo.com\/wp-content\/uploads\/2026\/01\/Blue-and-Gray-Simple-Desktop-Mockup-Instagram-Post-edited.png","width":2025,"height":1139},{"@type":"BreadcrumbList","@id":"https:\/\/cmediterraneo.com\/?page_id=482#breadcrumb","itemListElement":[{"@type":"ListItem","position":1,"name":"Portada","item":"https:\/\/cmediterraneo.com\/"},{"@type":"ListItem","position":2,"name":"Consulta ONLINE"}]},{"@type":"WebSite","@id":"https:\/\/cmediterraneo.com\/#website","url":"https:\/\/cmediterraneo.com\/","name":"Centro Mediterr\u00e1neo","description":"Diet\u00e9tica y Nutrici\u00f3n","publisher":{"@id":"https:\/\/cmediterraneo.com\/#organization"},"potentialAction":[{"@type":"SearchAction","target":{"@type":"EntryPoint","urlTemplate":"https:\/\/cmediterraneo.com\/?s={search_term_string}"},"query-input":{"@type":"PropertyValueSpecification","valueRequired":true,"valueName":"search_term_string"}}],"inLanguage":"es"},{"@type":"Organization","@id":"https:\/\/cmediterraneo.com\/#organization","name":"Centro Mediterr\u00e1neo cl\u00ednica multidisciplinar","url":"https:\/\/cmediterraneo.com\/","logo":{"@type":"ImageObject","inLanguage":"es","@id":"https:\/\/cmediterraneo.com\/#\/schema\/logo\/image\/","url":"https:\/\/cmediterraneo.com\/wp-content\/uploads\/2026\/01\/cropped-Diseno-sin-titulo-4.png","contentUrl":"https:\/\/cmediterraneo.com\/wp-content\/uploads\/2026\/01\/cropped-Diseno-sin-titulo-4.png","width":1563,"height":1082,"caption":"Centro Mediterr\u00e1neo cl\u00ednica multidisciplinar"},"image":{"@id":"https:\/\/cmediterraneo.com\/#\/schema\/logo\/image\/"},"sameAs":["https:\/\/www.instagram.com\/centro_mediterraneo\/"]}]}},"_links":{"self":[{"href":"https:\/\/cmediterraneo.com\/index.php?rest_route=\/wp\/v2\/pages\/482","targetHints":{"allow":["GET"]}}],"collection":[{"href":"https:\/\/cmediterraneo.com\/index.php?rest_route=\/wp\/v2\/pages"}],"about":[{"href":"https:\/\/cmediterraneo.com\/index.php?rest_route=\/wp\/v2\/types\/page"}],"author":[{"embeddable":true,"href":"https:\/\/cmediterraneo.com\/index.php?rest_route=\/wp\/v2\/users\/1"}],"replies":[{"embeddable":true,"href":"https:\/\/cmediterraneo.com\/index.php?rest_route=%2Fwp%2Fv2%2Fcomments&post=482"}],"version-history":[{"count":19,"href":"https:\/\/cmediterraneo.com\/index.php?rest_route=\/wp\/v2\/pages\/482\/revisions"}],"predecessor-version":[{"id":849,"href":"https:\/\/cmediterraneo.com\/index.php?rest_route=\/wp\/v2\/pages\/482\/revisions\/849"}],"wp:attachment":[{"href":"https:\/\/cmediterraneo.com\/index.php?rest_route=%2Fwp%2Fv2%2Fmedia&parent=482"}],"curies":[{"name":"wp","href":"https:\/\/api.w.org\/{rel}","templated":true}]}}