{"id":394,"date":"2017-11-23T14:31:30","date_gmt":"2017-11-23T13:31:30","guid":{"rendered":"http:\/\/cmediterraneo.com\/?page_id=394"},"modified":"2021-03-03T11:17:22","modified_gmt":"2021-03-03T10:17:22","slug":"otras-situaciones-y-patologias","status":"publish","type":"page","link":"https:\/\/cmediterraneo.com\/?page_id=394","title":{"rendered":"Otras Situaciones y Patolog\u00edas"},"content":{"rendered":"<p>El trabajo del nutricionista es muy importante (casi esencial) en ciertas situaciones y patolog\u00edas, nosotros nos encargamos de minimizar al m\u00e1ximo los s\u00edntomas que algunas patolog\u00edas desencadenan y asegurar un estado de salud \u00f3ptimo para hacer frente a ciertas patolog\u00edas, por ejemplo la desnutrici\u00f3n producida por ciertas enfermedades como el cancer.\u00a0La gu\u00eda de un dietista-nutricionista en estos casos resulta imprescindible, procurando que se mantenga lo m\u00e1s fuerte y bien nutrida posible.<\/p>\n<p>\u00bfEn que ocasiones podemos necesitar un Dietista-Nutricionista? nuestro equipo tiene experiencia en todos estos casos:<\/p>\n<ul>\n<li><span style=\"color: #008080;\">Cancer<\/span><\/li>\n<li><span style=\"color: #008080;\">Diabetes<\/span><\/li>\n<li><span style=\"color: #008080;\">An\u00e9mias<\/span><\/li>\n<li><span style=\"color: #008080;\">\u00e1cido \u00farico<\/span><\/li>\n<li><span style=\"color: #008080;\">Colon irritable<\/span><\/li>\n<li><span style=\"color: #008080;\">Colitis ulcerosa<\/span><\/li>\n<li><span style=\"color: #008080;\">Gastritis<\/span><\/li>\n<li><span style=\"color: #008080;\">Disfagia<\/span><\/li>\n<li><span style=\"color: #008080;\">Estre\u00f1imiento<\/span><\/li>\n<li><span style=\"color: #008080;\">Lactancia<\/span><\/li>\n<li><span style=\"color: #008080;\">Embarazo<\/span><\/li>\n<\/ul>\n<p style=\"text-align: center;\">Si buscas consejo y ayuda para poder mejorar tu alimentaci\u00f3n esteremos encantados de atenderte, puedes encontrarnos en:<\/p>\n<p><a href=\"https:\/\/cmediterraneo.com\/?page_id=141\"><img loading=\"lazy\" decoding=\"async\" class=\"wp-image-517 size-medium aligncenter\" src=\"http:\/\/cmediterraneo.com\/wp-content\/uploads\/2021\/03\/Captura-de-pantalla-2021-03-03-a-las-9.51.51-300x187.png\" alt=\"\" width=\"300\" height=\"187\" srcset=\"https:\/\/cmediterraneo.com\/wp-content\/uploads\/2021\/03\/Captura-de-pantalla-2021-03-03-a-las-9.51.51-300x187.png 300w, https:\/\/cmediterraneo.com\/wp-content\/uploads\/2021\/03\/Captura-de-pantalla-2021-03-03-a-las-9.51.51.png 374w\" sizes=\"auto, (max-width: 300px) 100vw, 300px\" \/><\/a><\/p>\n","protected":false},"excerpt":{"rendered":"<p>El trabajo del nutricionista es muy importante (casi esencial) en ciertas situaciones y patolog\u00edas, nosotros nos encargamos de minimizar al m\u00e1ximo los s\u00edntomas que algunas patolog\u00edas desencadenan y asegurar un estado de salud \u00f3ptimo para hacer frente a ciertas patolog\u00edas, por ejemplo la desnutrici\u00f3n producida por ciertas enfermedades como el cancer.\u00a0La gu\u00eda de un dietista-nutricionista&hellip; <\/p>\n","protected":false},"author":1,"featured_media":0,"parent":0,"menu_order":0,"comment_status":"closed","ping_status":"closed","template":"","meta":{"footnotes":""},"class_list":["post-394","page","type-page","status-publish","hentry"],"yoast_head":"<!-- This site is optimized with the Yoast SEO plugin v26.7 - https:\/\/yoast.com\/wordpress\/plugins\/seo\/ -->\n<title>Otras Situaciones y Patolog\u00edas - Centro Mediterr\u00e1neo<\/title>\n<meta name=\"robots\" content=\"index, follow, max-snippet:-1, max-image-preview:large, max-video-preview:-1\" \/>\n<link rel=\"canonical\" href=\"https:\/\/cmediterraneo.com\/?page_id=394\" \/>\n<meta property=\"og:locale\" content=\"es_ES\" \/>\n<meta property=\"og:type\" content=\"article\" \/>\n<meta property=\"og:title\" content=\"Otras Situaciones y Patolog\u00edas - Centro Mediterr\u00e1neo\" \/>\n<meta property=\"og:description\" content=\"El trabajo del nutricionista es muy importante (casi esencial) en ciertas situaciones y patolog\u00edas, nosotros nos encargamos de minimizar al m\u00e1ximo los s\u00edntomas que algunas patolog\u00edas desencadenan y asegurar un estado de salud \u00f3ptimo para hacer frente a ciertas patolog\u00edas, por ejemplo la desnutrici\u00f3n producida por ciertas enfermedades como el cancer.\u00a0La gu\u00eda de un dietista-nutricionista&hellip;\" \/>\n<meta property=\"og:url\" content=\"https:\/\/cmediterraneo.com\/?page_id=394\" \/>\n<meta property=\"og:site_name\" content=\"Centro Mediterr\u00e1neo\" \/>\n<meta property=\"article:modified_time\" content=\"2021-03-03T10:17:22+00:00\" \/>\n<meta property=\"og:image\" content=\"https:\/\/cmediterraneo.com\/wp-content\/uploads\/2021\/03\/Captura-de-pantalla-2021-03-03-a-las-9.51.51.png\" \/>\n\t<meta property=\"og:image:width\" content=\"374\" \/>\n\t<meta property=\"og:image:height\" content=\"233\" \/>\n\t<meta property=\"og:image:type\" content=\"image\/png\" \/>\n<meta name=\"twitter:card\" content=\"summary_large_image\" \/>\n<meta name=\"twitter:label1\" content=\"Tiempo de lectura\" \/>\n\t<meta name=\"twitter:data1\" content=\"1 minuto\" \/>\n<script type=\"application\/ld+json\" class=\"yoast-schema-graph\">{\"@context\":\"https:\/\/schema.org\",\"@graph\":[{\"@type\":\"WebPage\",\"@id\":\"https:\/\/cmediterraneo.com\/?page_id=394\",\"url\":\"https:\/\/cmediterraneo.com\/?page_id=394\",\"name\":\"Otras Situaciones y Patolog\u00edas - Centro Mediterr\u00e1neo\",\"isPartOf\":{\"@id\":\"https:\/\/cmediterraneo.com\/#website\"},\"primaryImageOfPage\":{\"@id\":\"https:\/\/cmediterraneo.com\/?page_id=394#primaryimage\"},\"image\":{\"@id\":\"https:\/\/cmediterraneo.com\/?page_id=394#primaryimage\"},\"thumbnailUrl\":\"http:\/\/cmediterraneo.com\/wp-content\/uploads\/2021\/03\/Captura-de-pantalla-2021-03-03-a-las-9.51.51-300x187.png\",\"datePublished\":\"2017-11-23T13:31:30+00:00\",\"dateModified\":\"2021-03-03T10:17:22+00:00\",\"breadcrumb\":{\"@id\":\"https:\/\/cmediterraneo.com\/?page_id=394#breadcrumb\"},\"inLanguage\":\"es\",\"potentialAction\":[{\"@type\":\"ReadAction\",\"target\":[\"https:\/\/cmediterraneo.com\/?page_id=394\"]}]},{\"@type\":\"ImageObject\",\"inLanguage\":\"es\",\"@id\":\"https:\/\/cmediterraneo.com\/?page_id=394#primaryimage\",\"url\":\"https:\/\/cmediterraneo.com\/wp-content\/uploads\/2021\/03\/Captura-de-pantalla-2021-03-03-a-las-9.51.51.png\",\"contentUrl\":\"https:\/\/cmediterraneo.com\/wp-content\/uploads\/2021\/03\/Captura-de-pantalla-2021-03-03-a-las-9.51.51.png\",\"width\":374,\"height\":233},{\"@type\":\"BreadcrumbList\",\"@id\":\"https:\/\/cmediterraneo.com\/?page_id=394#breadcrumb\",\"itemListElement\":[{\"@type\":\"ListItem\",\"position\":1,\"name\":\"Portada\",\"item\":\"https:\/\/cmediterraneo.com\/\"},{\"@type\":\"ListItem\",\"position\":2,\"name\":\"Otras Situaciones y Patolog\u00edas\"}]},{\"@type\":\"WebSite\",\"@id\":\"https:\/\/cmediterraneo.com\/#website\",\"url\":\"https:\/\/cmediterraneo.com\/\",\"name\":\"Centro Mediterr\u00e1neo\",\"description\":\"Diet\u00e9tica y Nutrici\u00f3n\",\"publisher\":{\"@id\":\"https:\/\/cmediterraneo.com\/#organization\"},\"potentialAction\":[{\"@type\":\"SearchAction\",\"target\":{\"@type\":\"EntryPoint\",\"urlTemplate\":\"https:\/\/cmediterraneo.com\/?s={search_term_string}\"},\"query-input\":{\"@type\":\"PropertyValueSpecification\",\"valueRequired\":true,\"valueName\":\"search_term_string\"}}],\"inLanguage\":\"es\"},{\"@type\":\"Organization\",\"@id\":\"https:\/\/cmediterraneo.com\/#organization\",\"name\":\"Centro Mediterr\u00e1neo cl\u00ednica multidisciplinar\",\"url\":\"https:\/\/cmediterraneo.com\/\",\"logo\":{\"@type\":\"ImageObject\",\"inLanguage\":\"es\",\"@id\":\"https:\/\/cmediterraneo.com\/#\/schema\/logo\/image\/\",\"url\":\"https:\/\/cmediterraneo.com\/wp-content\/uploads\/2026\/01\/cropped-Diseno-sin-titulo-4.png\",\"contentUrl\":\"https:\/\/cmediterraneo.com\/wp-content\/uploads\/2026\/01\/cropped-Diseno-sin-titulo-4.png\",\"width\":1563,\"height\":1082,\"caption\":\"Centro Mediterr\u00e1neo cl\u00ednica multidisciplinar\"},\"image\":{\"@id\":\"https:\/\/cmediterraneo.com\/#\/schema\/logo\/image\/\"},\"sameAs\":[\"https:\/\/www.instagram.com\/centro_mediterraneo\/\"]}]}<\/script>\n<!-- \/ Yoast SEO plugin. -->","yoast_head_json":{"title":"Otras Situaciones y Patolog\u00edas - Centro Mediterr\u00e1neo","robots":{"index":"index","follow":"follow","max-snippet":"max-snippet:-1","max-image-preview":"max-image-preview:large","max-video-preview":"max-video-preview:-1"},"canonical":"https:\/\/cmediterraneo.com\/?page_id=394","og_locale":"es_ES","og_type":"article","og_title":"Otras Situaciones y Patolog\u00edas - Centro Mediterr\u00e1neo","og_description":"El trabajo del nutricionista es muy importante (casi esencial) en ciertas situaciones y patolog\u00edas, nosotros nos encargamos de minimizar al m\u00e1ximo los s\u00edntomas que algunas patolog\u00edas desencadenan y asegurar un estado de salud \u00f3ptimo para hacer frente a ciertas patolog\u00edas, por ejemplo la desnutrici\u00f3n producida por ciertas enfermedades como el cancer.\u00a0La gu\u00eda de un dietista-nutricionista&hellip;","og_url":"https:\/\/cmediterraneo.com\/?page_id=394","og_site_name":"Centro Mediterr\u00e1neo","article_modified_time":"2021-03-03T10:17:22+00:00","og_image":[{"width":374,"height":233,"url":"https:\/\/cmediterraneo.com\/wp-content\/uploads\/2021\/03\/Captura-de-pantalla-2021-03-03-a-las-9.51.51.png","type":"image\/png"}],"twitter_card":"summary_large_image","twitter_misc":{"Tiempo de lectura":"1 minuto"},"schema":{"@context":"https:\/\/schema.org","@graph":[{"@type":"WebPage","@id":"https:\/\/cmediterraneo.com\/?page_id=394","url":"https:\/\/cmediterraneo.com\/?page_id=394","name":"Otras Situaciones y Patolog\u00edas - Centro Mediterr\u00e1neo","isPartOf":{"@id":"https:\/\/cmediterraneo.com\/#website"},"primaryImageOfPage":{"@id":"https:\/\/cmediterraneo.com\/?page_id=394#primaryimage"},"image":{"@id":"https:\/\/cmediterraneo.com\/?page_id=394#primaryimage"},"thumbnailUrl":"http:\/\/cmediterraneo.com\/wp-content\/uploads\/2021\/03\/Captura-de-pantalla-2021-03-03-a-las-9.51.51-300x187.png","datePublished":"2017-11-23T13:31:30+00:00","dateModified":"2021-03-03T10:17:22+00:00","breadcrumb":{"@id":"https:\/\/cmediterraneo.com\/?page_id=394#breadcrumb"},"inLanguage":"es","potentialAction":[{"@type":"ReadAction","target":["https:\/\/cmediterraneo.com\/?page_id=394"]}]},{"@type":"ImageObject","inLanguage":"es","@id":"https:\/\/cmediterraneo.com\/?page_id=394#primaryimage","url":"https:\/\/cmediterraneo.com\/wp-content\/uploads\/2021\/03\/Captura-de-pantalla-2021-03-03-a-las-9.51.51.png","contentUrl":"https:\/\/cmediterraneo.com\/wp-content\/uploads\/2021\/03\/Captura-de-pantalla-2021-03-03-a-las-9.51.51.png","width":374,"height":233},{"@type":"BreadcrumbList","@id":"https:\/\/cmediterraneo.com\/?page_id=394#breadcrumb","itemListElement":[{"@type":"ListItem","position":1,"name":"Portada","item":"https:\/\/cmediterraneo.com\/"},{"@type":"ListItem","position":2,"name":"Otras Situaciones y Patolog\u00edas"}]},{"@type":"WebSite","@id":"https:\/\/cmediterraneo.com\/#website","url":"https:\/\/cmediterraneo.com\/","name":"Centro Mediterr\u00e1neo","description":"Diet\u00e9tica y Nutrici\u00f3n","publisher":{"@id":"https:\/\/cmediterraneo.com\/#organization"},"potentialAction":[{"@type":"SearchAction","target":{"@type":"EntryPoint","urlTemplate":"https:\/\/cmediterraneo.com\/?s={search_term_string}"},"query-input":{"@type":"PropertyValueSpecification","valueRequired":true,"valueName":"search_term_string"}}],"inLanguage":"es"},{"@type":"Organization","@id":"https:\/\/cmediterraneo.com\/#organization","name":"Centro Mediterr\u00e1neo cl\u00ednica multidisciplinar","url":"https:\/\/cmediterraneo.com\/","logo":{"@type":"ImageObject","inLanguage":"es","@id":"https:\/\/cmediterraneo.com\/#\/schema\/logo\/image\/","url":"https:\/\/cmediterraneo.com\/wp-content\/uploads\/2026\/01\/cropped-Diseno-sin-titulo-4.png","contentUrl":"https:\/\/cmediterraneo.com\/wp-content\/uploads\/2026\/01\/cropped-Diseno-sin-titulo-4.png","width":1563,"height":1082,"caption":"Centro Mediterr\u00e1neo cl\u00ednica multidisciplinar"},"image":{"@id":"https:\/\/cmediterraneo.com\/#\/schema\/logo\/image\/"},"sameAs":["https:\/\/www.instagram.com\/centro_mediterraneo\/"]}]}},"_links":{"self":[{"href":"https:\/\/cmediterraneo.com\/index.php?rest_route=\/wp\/v2\/pages\/394","targetHints":{"allow":["GET"]}}],"collection":[{"href":"https:\/\/cmediterraneo.com\/index.php?rest_route=\/wp\/v2\/pages"}],"about":[{"href":"https:\/\/cmediterraneo.com\/index.php?rest_route=\/wp\/v2\/types\/page"}],"author":[{"embeddable":true,"href":"https:\/\/cmediterraneo.com\/index.php?rest_route=\/wp\/v2\/users\/1"}],"replies":[{"embeddable":true,"href":"https:\/\/cmediterraneo.com\/index.php?rest_route=%2Fwp%2Fv2%2Fcomments&post=394"}],"version-history":[{"count":3,"href":"https:\/\/cmediterraneo.com\/index.php?rest_route=\/wp\/v2\/pages\/394\/revisions"}],"predecessor-version":[{"id":529,"href":"https:\/\/cmediterraneo.com\/index.php?rest_route=\/wp\/v2\/pages\/394\/revisions\/529"}],"wp:attachment":[{"href":"https:\/\/cmediterraneo.com\/index.php?rest_route=%2Fwp%2Fv2%2Fmedia&parent=394"}],"curies":[{"name":"wp","href":"https:\/\/api.w.org\/{rel}","templated":true}]}}