{"id":35,"date":"2017-11-20T16:37:56","date_gmt":"2017-11-20T15:37:56","guid":{"rendered":"http:\/\/cmediterraneo.com\/?page_id=35"},"modified":"2017-11-23T14:35:17","modified_gmt":"2017-11-23T13:35:17","slug":"nutricion","status":"publish","type":"page","link":"https:\/\/cmediterraneo.com\/?page_id=35","title":{"rendered":"NUTRICI\u00d3N"},"content":{"rendered":"<p>Accede a nuestra secci\u00f3n de nutrici\u00f3n para conocer un poco m\u00e1s sobre nuestra empresa y sobre los servicios de nutrici\u00f3n personalizada que ofrecemos. Esta nutrici\u00f3n personalizada est\u00e1 pensada para un paciente concreto, pensando siempre en mejorar sus h\u00e1bitos y costumbres para asegurarle el mejor estado de salud posible.<\/p>\n<p>&nbsp;<\/p>\n<p><a href=\"https:\/\/cmediterraneo.com\/?page_id=158\"><img loading=\"lazy\" decoding=\"async\" class=\"alignleft wp-image-365 size-medium\" src=\"http:\/\/cmediterraneo.com\/wp-content\/uploads\/2017\/11\/tomato-2777477_1920-300x200.jpg\" alt=\"\" width=\"300\" height=\"200\" srcset=\"https:\/\/cmediterraneo.com\/wp-content\/uploads\/2017\/11\/tomato-2777477_1920-300x200.jpg 300w, https:\/\/cmediterraneo.com\/wp-content\/uploads\/2017\/11\/tomato-2777477_1920-768x512.jpg 768w, https:\/\/cmediterraneo.com\/wp-content\/uploads\/2017\/11\/tomato-2777477_1920-1024x683.jpg 1024w, https:\/\/cmediterraneo.com\/wp-content\/uploads\/2017\/11\/tomato-2777477_1920.jpg 1920w\" sizes=\"auto, (max-width: 300px) 100vw, 300px\" \/><\/a> <a href=\"https:\/\/cmediterraneo.com\/?page_id=125\"><img loading=\"lazy\" decoding=\"async\" class=\"alignright wp-image-361 size-medium\" src=\"http:\/\/cmediterraneo.com\/wp-content\/uploads\/2017\/11\/garlic-2805263_1920-300x200.jpg\" alt=\"\" width=\"300\" height=\"200\" srcset=\"https:\/\/cmediterraneo.com\/wp-content\/uploads\/2017\/11\/garlic-2805263_1920-300x200.jpg 300w, https:\/\/cmediterraneo.com\/wp-content\/uploads\/2017\/11\/garlic-2805263_1920-768x512.jpg 768w, https:\/\/cmediterraneo.com\/wp-content\/uploads\/2017\/11\/garlic-2805263_1920-1024x683.jpg 1024w, https:\/\/cmediterraneo.com\/wp-content\/uploads\/2017\/11\/garlic-2805263_1920.jpg 1920w\" sizes=\"auto, (max-width: 300px) 100vw, 300px\" \/><\/a><\/p>\n<p><a href=\"https:\/\/cmediterraneo.com\/?page_id=162\"><img loading=\"lazy\" decoding=\"async\" class=\"alignleft wp-image-366 size-medium\" src=\"http:\/\/cmediterraneo.com\/wp-content\/uploads\/2017\/11\/vegetables-2805955_1920-300x200.jpg\" alt=\"\" width=\"300\" height=\"200\" srcset=\"https:\/\/cmediterraneo.com\/wp-content\/uploads\/2017\/11\/vegetables-2805955_1920-300x200.jpg 300w, https:\/\/cmediterraneo.com\/wp-content\/uploads\/2017\/11\/vegetables-2805955_1920-768x512.jpg 768w, https:\/\/cmediterraneo.com\/wp-content\/uploads\/2017\/11\/vegetables-2805955_1920-1024x683.jpg 1024w, https:\/\/cmediterraneo.com\/wp-content\/uploads\/2017\/11\/vegetables-2805955_1920.jpg 1920w\" sizes=\"auto, (max-width: 300px) 100vw, 300px\" \/><\/a> <a href=\"https:\/\/cmediterraneo.com\/?page_id=127\"><img loading=\"lazy\" decoding=\"async\" class=\"alignright wp-image-363 size-medium\" src=\"http:\/\/cmediterraneo.com\/wp-content\/uploads\/2017\/11\/onion-2766380_1920-300x200.jpg\" alt=\"\" width=\"300\" height=\"200\" srcset=\"https:\/\/cmediterraneo.com\/wp-content\/uploads\/2017\/11\/onion-2766380_1920-300x200.jpg 300w, https:\/\/cmediterraneo.com\/wp-content\/uploads\/2017\/11\/onion-2766380_1920-768x512.jpg 768w, https:\/\/cmediterraneo.com\/wp-content\/uploads\/2017\/11\/onion-2766380_1920-1024x683.jpg 1024w, https:\/\/cmediterraneo.com\/wp-content\/uploads\/2017\/11\/onion-2766380_1920.jpg 1920w\" sizes=\"auto, (max-width: 300px) 100vw, 300px\" \/><\/a><\/p>\n<p><a href=\"https:\/\/cmediterraneo.com\/?page_id=394\"><img loading=\"lazy\" decoding=\"async\" class=\"alignleft wp-image-364 size-medium\" src=\"http:\/\/cmediterraneo.com\/wp-content\/uploads\/2017\/11\/pan-2805959_1920-1-300x200.jpg\" alt=\"\" width=\"300\" height=\"200\" srcset=\"https:\/\/cmediterraneo.com\/wp-content\/uploads\/2017\/11\/pan-2805959_1920-1-300x200.jpg 300w, https:\/\/cmediterraneo.com\/wp-content\/uploads\/2017\/11\/pan-2805959_1920-1-768x512.jpg 768w, https:\/\/cmediterraneo.com\/wp-content\/uploads\/2017\/11\/pan-2805959_1920-1-1024x683.jpg 1024w, https:\/\/cmediterraneo.com\/wp-content\/uploads\/2017\/11\/pan-2805959_1920-1.jpg 1920w\" sizes=\"auto, (max-width: 300px) 100vw, 300px\" \/><\/a> <a href=\"https:\/\/cmediterraneo.com\/?page_id=160\"><img loading=\"lazy\" decoding=\"async\" class=\"alignright wp-image-362 size-medium\" src=\"http:\/\/cmediterraneo.com\/wp-content\/uploads\/2017\/11\/omelet-2938762_1920-300x200.jpg\" alt=\"\" width=\"300\" height=\"200\" srcset=\"https:\/\/cmediterraneo.com\/wp-content\/uploads\/2017\/11\/omelet-2938762_1920-300x200.jpg 300w, https:\/\/cmediterraneo.com\/wp-content\/uploads\/2017\/11\/omelet-2938762_1920-768x512.jpg 768w, https:\/\/cmediterraneo.com\/wp-content\/uploads\/2017\/11\/omelet-2938762_1920-1024x682.jpg 1024w, https:\/\/cmediterraneo.com\/wp-content\/uploads\/2017\/11\/omelet-2938762_1920.jpg 1920w\" sizes=\"auto, (max-width: 300px) 100vw, 300px\" \/><\/a><\/p>\n","protected":false},"excerpt":{"rendered":"<p>Accede a nuestra secci\u00f3n de nutrici\u00f3n para conocer un poco m\u00e1s sobre nuestra empresa y sobre los servicios de nutrici\u00f3n personalizada que ofrecemos. Esta nutrici\u00f3n personalizada est\u00e1 pensada para un paciente concreto, pensando siempre en mejorar sus h\u00e1bitos y costumbres para asegurarle el mejor estado de salud posible. &nbsp;<\/p>\n","protected":false},"author":1,"featured_media":0,"parent":0,"menu_order":0,"comment_status":"closed","ping_status":"closed","template":"","meta":{"footnotes":""},"class_list":["post-35","page","type-page","status-publish","hentry"],"yoast_head":"<!-- This site is optimized with the Yoast SEO plugin v26.7 - https:\/\/yoast.com\/wordpress\/plugins\/seo\/ -->\n<title>NUTRICI\u00d3N - Centro Mediterr\u00e1neo<\/title>\n<meta name=\"robots\" content=\"index, follow, max-snippet:-1, max-image-preview:large, max-video-preview:-1\" \/>\n<link rel=\"canonical\" href=\"https:\/\/cmediterraneo.com\/?page_id=35\" \/>\n<meta property=\"og:locale\" content=\"es_ES\" \/>\n<meta property=\"og:type\" content=\"article\" \/>\n<meta property=\"og:title\" content=\"NUTRICI\u00d3N - Centro Mediterr\u00e1neo\" \/>\n<meta property=\"og:description\" content=\"Accede a nuestra secci\u00f3n de nutrici\u00f3n para conocer un poco m\u00e1s sobre nuestra empresa y sobre los servicios de nutrici\u00f3n personalizada que ofrecemos. Esta nutrici\u00f3n personalizada est\u00e1 pensada para un paciente concreto, pensando siempre en mejorar sus h\u00e1bitos y costumbres para asegurarle el mejor estado de salud posible. &nbsp;\" \/>\n<meta property=\"og:url\" content=\"https:\/\/cmediterraneo.com\/?page_id=35\" \/>\n<meta property=\"og:site_name\" content=\"Centro Mediterr\u00e1neo\" \/>\n<meta property=\"article:modified_time\" content=\"2017-11-23T13:35:17+00:00\" \/>\n<meta property=\"og:image\" content=\"https:\/\/cmediterraneo.com\/wp-content\/uploads\/2017\/11\/tomato-2777477_1920.jpg\" \/>\n\t<meta property=\"og:image:width\" content=\"1920\" \/>\n\t<meta property=\"og:image:height\" content=\"1280\" \/>\n\t<meta property=\"og:image:type\" content=\"image\/jpeg\" \/>\n<meta name=\"twitter:card\" content=\"summary_large_image\" \/>\n<script type=\"application\/ld+json\" class=\"yoast-schema-graph\">{\"@context\":\"https:\/\/schema.org\",\"@graph\":[{\"@type\":\"WebPage\",\"@id\":\"https:\/\/cmediterraneo.com\/?page_id=35\",\"url\":\"https:\/\/cmediterraneo.com\/?page_id=35\",\"name\":\"NUTRICI\u00d3N - Centro Mediterr\u00e1neo\",\"isPartOf\":{\"@id\":\"https:\/\/cmediterraneo.com\/#website\"},\"primaryImageOfPage\":{\"@id\":\"https:\/\/cmediterraneo.com\/?page_id=35#primaryimage\"},\"image\":{\"@id\":\"https:\/\/cmediterraneo.com\/?page_id=35#primaryimage\"},\"thumbnailUrl\":\"http:\/\/cmediterraneo.com\/wp-content\/uploads\/2017\/11\/tomato-2777477_1920-300x200.jpg\",\"datePublished\":\"2017-11-20T15:37:56+00:00\",\"dateModified\":\"2017-11-23T13:35:17+00:00\",\"breadcrumb\":{\"@id\":\"https:\/\/cmediterraneo.com\/?page_id=35#breadcrumb\"},\"inLanguage\":\"es\",\"potentialAction\":[{\"@type\":\"ReadAction\",\"target\":[\"https:\/\/cmediterraneo.com\/?page_id=35\"]}]},{\"@type\":\"ImageObject\",\"inLanguage\":\"es\",\"@id\":\"https:\/\/cmediterraneo.com\/?page_id=35#primaryimage\",\"url\":\"https:\/\/cmediterraneo.com\/wp-content\/uploads\/2017\/11\/tomato-2777477_1920.jpg\",\"contentUrl\":\"https:\/\/cmediterraneo.com\/wp-content\/uploads\/2017\/11\/tomato-2777477_1920.jpg\",\"width\":1920,\"height\":1280},{\"@type\":\"BreadcrumbList\",\"@id\":\"https:\/\/cmediterraneo.com\/?page_id=35#breadcrumb\",\"itemListElement\":[{\"@type\":\"ListItem\",\"position\":1,\"name\":\"Portada\",\"item\":\"https:\/\/cmediterraneo.com\/\"},{\"@type\":\"ListItem\",\"position\":2,\"name\":\"NUTRICI\u00d3N\"}]},{\"@type\":\"WebSite\",\"@id\":\"https:\/\/cmediterraneo.com\/#website\",\"url\":\"https:\/\/cmediterraneo.com\/\",\"name\":\"Centro Mediterr\u00e1neo\",\"description\":\"Diet\u00e9tica y Nutrici\u00f3n\",\"publisher\":{\"@id\":\"https:\/\/cmediterraneo.com\/#organization\"},\"potentialAction\":[{\"@type\":\"SearchAction\",\"target\":{\"@type\":\"EntryPoint\",\"urlTemplate\":\"https:\/\/cmediterraneo.com\/?s={search_term_string}\"},\"query-input\":{\"@type\":\"PropertyValueSpecification\",\"valueRequired\":true,\"valueName\":\"search_term_string\"}}],\"inLanguage\":\"es\"},{\"@type\":\"Organization\",\"@id\":\"https:\/\/cmediterraneo.com\/#organization\",\"name\":\"Centro Mediterr\u00e1neo cl\u00ednica multidisciplinar\",\"url\":\"https:\/\/cmediterraneo.com\/\",\"logo\":{\"@type\":\"ImageObject\",\"inLanguage\":\"es\",\"@id\":\"https:\/\/cmediterraneo.com\/#\/schema\/logo\/image\/\",\"url\":\"https:\/\/cmediterraneo.com\/wp-content\/uploads\/2026\/01\/cropped-Diseno-sin-titulo-4.png\",\"contentUrl\":\"https:\/\/cmediterraneo.com\/wp-content\/uploads\/2026\/01\/cropped-Diseno-sin-titulo-4.png\",\"width\":1563,\"height\":1082,\"caption\":\"Centro Mediterr\u00e1neo cl\u00ednica multidisciplinar\"},\"image\":{\"@id\":\"https:\/\/cmediterraneo.com\/#\/schema\/logo\/image\/\"},\"sameAs\":[\"https:\/\/www.instagram.com\/centro_mediterraneo\/\"]}]}<\/script>\n<!-- \/ Yoast SEO plugin. -->","yoast_head_json":{"title":"NUTRICI\u00d3N - Centro Mediterr\u00e1neo","robots":{"index":"index","follow":"follow","max-snippet":"max-snippet:-1","max-image-preview":"max-image-preview:large","max-video-preview":"max-video-preview:-1"},"canonical":"https:\/\/cmediterraneo.com\/?page_id=35","og_locale":"es_ES","og_type":"article","og_title":"NUTRICI\u00d3N - Centro Mediterr\u00e1neo","og_description":"Accede a nuestra secci\u00f3n de nutrici\u00f3n para conocer un poco m\u00e1s sobre nuestra empresa y sobre los servicios de nutrici\u00f3n personalizada que ofrecemos. Esta nutrici\u00f3n personalizada est\u00e1 pensada para un paciente concreto, pensando siempre en mejorar sus h\u00e1bitos y costumbres para asegurarle el mejor estado de salud posible. &nbsp;","og_url":"https:\/\/cmediterraneo.com\/?page_id=35","og_site_name":"Centro Mediterr\u00e1neo","article_modified_time":"2017-11-23T13:35:17+00:00","og_image":[{"width":1920,"height":1280,"url":"https:\/\/cmediterraneo.com\/wp-content\/uploads\/2017\/11\/tomato-2777477_1920.jpg","type":"image\/jpeg"}],"twitter_card":"summary_large_image","schema":{"@context":"https:\/\/schema.org","@graph":[{"@type":"WebPage","@id":"https:\/\/cmediterraneo.com\/?page_id=35","url":"https:\/\/cmediterraneo.com\/?page_id=35","name":"NUTRICI\u00d3N - Centro Mediterr\u00e1neo","isPartOf":{"@id":"https:\/\/cmediterraneo.com\/#website"},"primaryImageOfPage":{"@id":"https:\/\/cmediterraneo.com\/?page_id=35#primaryimage"},"image":{"@id":"https:\/\/cmediterraneo.com\/?page_id=35#primaryimage"},"thumbnailUrl":"http:\/\/cmediterraneo.com\/wp-content\/uploads\/2017\/11\/tomato-2777477_1920-300x200.jpg","datePublished":"2017-11-20T15:37:56+00:00","dateModified":"2017-11-23T13:35:17+00:00","breadcrumb":{"@id":"https:\/\/cmediterraneo.com\/?page_id=35#breadcrumb"},"inLanguage":"es","potentialAction":[{"@type":"ReadAction","target":["https:\/\/cmediterraneo.com\/?page_id=35"]}]},{"@type":"ImageObject","inLanguage":"es","@id":"https:\/\/cmediterraneo.com\/?page_id=35#primaryimage","url":"https:\/\/cmediterraneo.com\/wp-content\/uploads\/2017\/11\/tomato-2777477_1920.jpg","contentUrl":"https:\/\/cmediterraneo.com\/wp-content\/uploads\/2017\/11\/tomato-2777477_1920.jpg","width":1920,"height":1280},{"@type":"BreadcrumbList","@id":"https:\/\/cmediterraneo.com\/?page_id=35#breadcrumb","itemListElement":[{"@type":"ListItem","position":1,"name":"Portada","item":"https:\/\/cmediterraneo.com\/"},{"@type":"ListItem","position":2,"name":"NUTRICI\u00d3N"}]},{"@type":"WebSite","@id":"https:\/\/cmediterraneo.com\/#website","url":"https:\/\/cmediterraneo.com\/","name":"Centro Mediterr\u00e1neo","description":"Diet\u00e9tica y Nutrici\u00f3n","publisher":{"@id":"https:\/\/cmediterraneo.com\/#organization"},"potentialAction":[{"@type":"SearchAction","target":{"@type":"EntryPoint","urlTemplate":"https:\/\/cmediterraneo.com\/?s={search_term_string}"},"query-input":{"@type":"PropertyValueSpecification","valueRequired":true,"valueName":"search_term_string"}}],"inLanguage":"es"},{"@type":"Organization","@id":"https:\/\/cmediterraneo.com\/#organization","name":"Centro Mediterr\u00e1neo cl\u00ednica multidisciplinar","url":"https:\/\/cmediterraneo.com\/","logo":{"@type":"ImageObject","inLanguage":"es","@id":"https:\/\/cmediterraneo.com\/#\/schema\/logo\/image\/","url":"https:\/\/cmediterraneo.com\/wp-content\/uploads\/2026\/01\/cropped-Diseno-sin-titulo-4.png","contentUrl":"https:\/\/cmediterraneo.com\/wp-content\/uploads\/2026\/01\/cropped-Diseno-sin-titulo-4.png","width":1563,"height":1082,"caption":"Centro Mediterr\u00e1neo cl\u00ednica multidisciplinar"},"image":{"@id":"https:\/\/cmediterraneo.com\/#\/schema\/logo\/image\/"},"sameAs":["https:\/\/www.instagram.com\/centro_mediterraneo\/"]}]}},"_links":{"self":[{"href":"https:\/\/cmediterraneo.com\/index.php?rest_route=\/wp\/v2\/pages\/35","targetHints":{"allow":["GET"]}}],"collection":[{"href":"https:\/\/cmediterraneo.com\/index.php?rest_route=\/wp\/v2\/pages"}],"about":[{"href":"https:\/\/cmediterraneo.com\/index.php?rest_route=\/wp\/v2\/types\/page"}],"author":[{"embeddable":true,"href":"https:\/\/cmediterraneo.com\/index.php?rest_route=\/wp\/v2\/users\/1"}],"replies":[{"embeddable":true,"href":"https:\/\/cmediterraneo.com\/index.php?rest_route=%2Fwp%2Fv2%2Fcomments&post=35"}],"version-history":[{"count":5,"href":"https:\/\/cmediterraneo.com\/index.php?rest_route=\/wp\/v2\/pages\/35\/revisions"}],"predecessor-version":[{"id":398,"href":"https:\/\/cmediterraneo.com\/index.php?rest_route=\/wp\/v2\/pages\/35\/revisions\/398"}],"wp:attachment":[{"href":"https:\/\/cmediterraneo.com\/index.php?rest_route=%2Fwp%2Fv2%2Fmedia&parent=35"}],"curies":[{"name":"wp","href":"https:\/\/api.w.org\/{rel}","templated":true}]}}