{"id":160,"date":"2017-11-20T21:27:17","date_gmt":"2017-11-20T20:27:17","guid":{"rendered":"http:\/\/cmediterraneo.com\/?page_id=160"},"modified":"2017-11-22T17:47:13","modified_gmt":"2017-11-22T16:47:13","slug":"vegana-y-vegetariana","status":"publish","type":"page","link":"https:\/\/cmediterraneo.com\/?page_id=160","title":{"rendered":"Vegana y Vegetariana"},"content":{"rendered":"<p><span class=\"dropcap2\">\u00bfTe has planteado seguir una dieta vegetariana o vegana? \u00bfYa la sigues pero tienes dudas y\/o necesitas un profesional que te ayude a alcanzar tus objetivos de peso, salud o objetivo deportivo? En nuestro centro encontrar\u00e1s un equipo de dietistas-nutricionistas con experiencia en nutrici\u00f3n vegetariana.\u00a0Trabajaremos mano a mano contigo en el dise\u00f1o de tus men\u00fas (los cuales ser\u00e1n personalizados) y t<\/span>e resolvemos todas las dudas que puedan surgirte sobre suplementaci\u00f3n, productos de herbolarios, etc.<\/p>\n<ul>\n<li>Todos nuestros dietistas-nutricionistas\u00a0han cursado <span style=\"color: #008080;\">estudios universitarios<\/span> y han realizado el <span style=\"color: #008080;\">Master Oficial de Nutrici\u00f3n personalizada y cl\u00ednica<\/span>. Adem\u00e1s est\u00e1n cursando el <span style=\"color: #008080;\">Doctorado<\/span> por la Universidad de Valencia.<\/li>\n<li>Siempre <span style=\"color: #008080;\">nos renovamos<\/span>, acudimos a cursos, charlas y conferencias para poder ofrecerte el mejor servicio.<\/li>\n<li><span style=\"color: #008080;\">No repartimos dietas de caj\u00f3n<\/span>, Nuestros men\u00fas est\u00e1n totalmente dise\u00f1amos para ti, teniendo en cuenta tu historial cl\u00ednico, enfermedades, tus gustos, tu trabajo, tus horarios, tu estilo de vida. La dieta se adaptar\u00e1 a ti.<\/li>\n<li><span style=\"color: #008080;\">No vendemos productos<\/span> para perder peso. Nuestro \u00fanico inter\u00e9s es que t\u00fa pierdas peso de forma saludable y permanente, sin trucos ni trampas.<\/li>\n<li>Si necesitas apoyo extra, contar\u00e1s con psic\u00f3logos y entrenador personal.<\/li>\n<li>Nos tendr\u00e1s a tu disposici\u00f3n las <span style=\"color: #008080;\">24 horas<\/span> del d\u00eda mediante el correo o el tel\u00e9fono.<\/li>\n<li>Y por \u00faltimo, y para nosotros el m\u00e1s importante: <span style=\"color: #008080;\">NOS ENCANTA NUESTRO TRABAJO.<\/span><\/li>\n<\/ul>\n","protected":false},"excerpt":{"rendered":"<p>\u00bfTe has planteado seguir una dieta vegetariana o vegana? \u00bfYa la sigues pero tienes dudas y\/o necesitas un profesional que te ayude a alcanzar tus objetivos de peso, salud o objetivo deportivo? En nuestro centro encontrar\u00e1s un equipo de dietistas-nutricionistas con experiencia en nutrici\u00f3n vegetariana.\u00a0Trabajaremos mano a mano contigo en el dise\u00f1o de tus men\u00fas&hellip; <\/p>\n","protected":false},"author":1,"featured_media":0,"parent":0,"menu_order":0,"comment_status":"closed","ping_status":"closed","template":"","meta":{"footnotes":""},"class_list":["post-160","page","type-page","status-publish","hentry"],"yoast_head":"<!-- This site is optimized with the Yoast SEO plugin v26.7 - https:\/\/yoast.com\/wordpress\/plugins\/seo\/ -->\n<title>Vegana y Vegetariana - Centro Mediterr\u00e1neo<\/title>\n<meta name=\"robots\" content=\"index, follow, max-snippet:-1, max-image-preview:large, max-video-preview:-1\" \/>\n<link rel=\"canonical\" href=\"https:\/\/cmediterraneo.com\/?page_id=160\" \/>\n<meta property=\"og:locale\" content=\"es_ES\" \/>\n<meta property=\"og:type\" content=\"article\" \/>\n<meta property=\"og:title\" content=\"Vegana y Vegetariana - Centro Mediterr\u00e1neo\" \/>\n<meta property=\"og:description\" content=\"\u00bfTe has planteado seguir una dieta vegetariana o vegana? \u00bfYa la sigues pero tienes dudas y\/o necesitas un profesional que te ayude a alcanzar tus objetivos de peso, salud o objetivo deportivo? En nuestro centro encontrar\u00e1s un equipo de dietistas-nutricionistas con experiencia en nutrici\u00f3n vegetariana.\u00a0Trabajaremos mano a mano contigo en el dise\u00f1o de tus men\u00fas&hellip;\" \/>\n<meta property=\"og:url\" content=\"https:\/\/cmediterraneo.com\/?page_id=160\" \/>\n<meta property=\"og:site_name\" content=\"Centro Mediterr\u00e1neo\" \/>\n<meta property=\"article:modified_time\" content=\"2017-11-22T16:47:13+00:00\" \/>\n<meta name=\"twitter:card\" content=\"summary_large_image\" \/>\n<meta name=\"twitter:label1\" content=\"Tiempo de lectura\" \/>\n\t<meta name=\"twitter:data1\" content=\"1 minuto\" \/>\n<script type=\"application\/ld+json\" class=\"yoast-schema-graph\">{\"@context\":\"https:\/\/schema.org\",\"@graph\":[{\"@type\":\"WebPage\",\"@id\":\"https:\/\/cmediterraneo.com\/?page_id=160\",\"url\":\"https:\/\/cmediterraneo.com\/?page_id=160\",\"name\":\"Vegana y Vegetariana - Centro Mediterr\u00e1neo\",\"isPartOf\":{\"@id\":\"https:\/\/cmediterraneo.com\/#website\"},\"datePublished\":\"2017-11-20T20:27:17+00:00\",\"dateModified\":\"2017-11-22T16:47:13+00:00\",\"breadcrumb\":{\"@id\":\"https:\/\/cmediterraneo.com\/?page_id=160#breadcrumb\"},\"inLanguage\":\"es\",\"potentialAction\":[{\"@type\":\"ReadAction\",\"target\":[\"https:\/\/cmediterraneo.com\/?page_id=160\"]}]},{\"@type\":\"BreadcrumbList\",\"@id\":\"https:\/\/cmediterraneo.com\/?page_id=160#breadcrumb\",\"itemListElement\":[{\"@type\":\"ListItem\",\"position\":1,\"name\":\"Portada\",\"item\":\"https:\/\/cmediterraneo.com\/\"},{\"@type\":\"ListItem\",\"position\":2,\"name\":\"Vegana y Vegetariana\"}]},{\"@type\":\"WebSite\",\"@id\":\"https:\/\/cmediterraneo.com\/#website\",\"url\":\"https:\/\/cmediterraneo.com\/\",\"name\":\"Centro Mediterr\u00e1neo\",\"description\":\"Diet\u00e9tica y Nutrici\u00f3n\",\"publisher\":{\"@id\":\"https:\/\/cmediterraneo.com\/#organization\"},\"potentialAction\":[{\"@type\":\"SearchAction\",\"target\":{\"@type\":\"EntryPoint\",\"urlTemplate\":\"https:\/\/cmediterraneo.com\/?s={search_term_string}\"},\"query-input\":{\"@type\":\"PropertyValueSpecification\",\"valueRequired\":true,\"valueName\":\"search_term_string\"}}],\"inLanguage\":\"es\"},{\"@type\":\"Organization\",\"@id\":\"https:\/\/cmediterraneo.com\/#organization\",\"name\":\"Centro Mediterr\u00e1neo cl\u00ednica multidisciplinar\",\"url\":\"https:\/\/cmediterraneo.com\/\",\"logo\":{\"@type\":\"ImageObject\",\"inLanguage\":\"es\",\"@id\":\"https:\/\/cmediterraneo.com\/#\/schema\/logo\/image\/\",\"url\":\"https:\/\/cmediterraneo.com\/wp-content\/uploads\/2026\/01\/cropped-Diseno-sin-titulo-4.png\",\"contentUrl\":\"https:\/\/cmediterraneo.com\/wp-content\/uploads\/2026\/01\/cropped-Diseno-sin-titulo-4.png\",\"width\":1563,\"height\":1082,\"caption\":\"Centro Mediterr\u00e1neo cl\u00ednica multidisciplinar\"},\"image\":{\"@id\":\"https:\/\/cmediterraneo.com\/#\/schema\/logo\/image\/\"},\"sameAs\":[\"https:\/\/www.instagram.com\/centro_mediterraneo\/\"]}]}<\/script>\n<!-- \/ Yoast SEO plugin. -->","yoast_head_json":{"title":"Vegana y Vegetariana - Centro Mediterr\u00e1neo","robots":{"index":"index","follow":"follow","max-snippet":"max-snippet:-1","max-image-preview":"max-image-preview:large","max-video-preview":"max-video-preview:-1"},"canonical":"https:\/\/cmediterraneo.com\/?page_id=160","og_locale":"es_ES","og_type":"article","og_title":"Vegana y Vegetariana - Centro Mediterr\u00e1neo","og_description":"\u00bfTe has planteado seguir una dieta vegetariana o vegana? \u00bfYa la sigues pero tienes dudas y\/o necesitas un profesional que te ayude a alcanzar tus objetivos de peso, salud o objetivo deportivo? En nuestro centro encontrar\u00e1s un equipo de dietistas-nutricionistas con experiencia en nutrici\u00f3n vegetariana.\u00a0Trabajaremos mano a mano contigo en el dise\u00f1o de tus men\u00fas&hellip;","og_url":"https:\/\/cmediterraneo.com\/?page_id=160","og_site_name":"Centro Mediterr\u00e1neo","article_modified_time":"2017-11-22T16:47:13+00:00","twitter_card":"summary_large_image","twitter_misc":{"Tiempo de lectura":"1 minuto"},"schema":{"@context":"https:\/\/schema.org","@graph":[{"@type":"WebPage","@id":"https:\/\/cmediterraneo.com\/?page_id=160","url":"https:\/\/cmediterraneo.com\/?page_id=160","name":"Vegana y Vegetariana - Centro Mediterr\u00e1neo","isPartOf":{"@id":"https:\/\/cmediterraneo.com\/#website"},"datePublished":"2017-11-20T20:27:17+00:00","dateModified":"2017-11-22T16:47:13+00:00","breadcrumb":{"@id":"https:\/\/cmediterraneo.com\/?page_id=160#breadcrumb"},"inLanguage":"es","potentialAction":[{"@type":"ReadAction","target":["https:\/\/cmediterraneo.com\/?page_id=160"]}]},{"@type":"BreadcrumbList","@id":"https:\/\/cmediterraneo.com\/?page_id=160#breadcrumb","itemListElement":[{"@type":"ListItem","position":1,"name":"Portada","item":"https:\/\/cmediterraneo.com\/"},{"@type":"ListItem","position":2,"name":"Vegana y Vegetariana"}]},{"@type":"WebSite","@id":"https:\/\/cmediterraneo.com\/#website","url":"https:\/\/cmediterraneo.com\/","name":"Centro Mediterr\u00e1neo","description":"Diet\u00e9tica y Nutrici\u00f3n","publisher":{"@id":"https:\/\/cmediterraneo.com\/#organization"},"potentialAction":[{"@type":"SearchAction","target":{"@type":"EntryPoint","urlTemplate":"https:\/\/cmediterraneo.com\/?s={search_term_string}"},"query-input":{"@type":"PropertyValueSpecification","valueRequired":true,"valueName":"search_term_string"}}],"inLanguage":"es"},{"@type":"Organization","@id":"https:\/\/cmediterraneo.com\/#organization","name":"Centro Mediterr\u00e1neo cl\u00ednica multidisciplinar","url":"https:\/\/cmediterraneo.com\/","logo":{"@type":"ImageObject","inLanguage":"es","@id":"https:\/\/cmediterraneo.com\/#\/schema\/logo\/image\/","url":"https:\/\/cmediterraneo.com\/wp-content\/uploads\/2026\/01\/cropped-Diseno-sin-titulo-4.png","contentUrl":"https:\/\/cmediterraneo.com\/wp-content\/uploads\/2026\/01\/cropped-Diseno-sin-titulo-4.png","width":1563,"height":1082,"caption":"Centro Mediterr\u00e1neo cl\u00ednica multidisciplinar"},"image":{"@id":"https:\/\/cmediterraneo.com\/#\/schema\/logo\/image\/"},"sameAs":["https:\/\/www.instagram.com\/centro_mediterraneo\/"]}]}},"_links":{"self":[{"href":"https:\/\/cmediterraneo.com\/index.php?rest_route=\/wp\/v2\/pages\/160","targetHints":{"allow":["GET"]}}],"collection":[{"href":"https:\/\/cmediterraneo.com\/index.php?rest_route=\/wp\/v2\/pages"}],"about":[{"href":"https:\/\/cmediterraneo.com\/index.php?rest_route=\/wp\/v2\/types\/page"}],"author":[{"embeddable":true,"href":"https:\/\/cmediterraneo.com\/index.php?rest_route=\/wp\/v2\/users\/1"}],"replies":[{"embeddable":true,"href":"https:\/\/cmediterraneo.com\/index.php?rest_route=%2Fwp%2Fv2%2Fcomments&post=160"}],"version-history":[{"count":5,"href":"https:\/\/cmediterraneo.com\/index.php?rest_route=\/wp\/v2\/pages\/160\/revisions"}],"predecessor-version":[{"id":352,"href":"https:\/\/cmediterraneo.com\/index.php?rest_route=\/wp\/v2\/pages\/160\/revisions\/352"}],"wp:attachment":[{"href":"https:\/\/cmediterraneo.com\/index.php?rest_route=%2Fwp%2Fv2%2Fmedia&parent=160"}],"curies":[{"name":"wp","href":"https:\/\/api.w.org\/{rel}","templated":true}]}}