{"id":158,"date":"2017-11-20T21:26:47","date_gmt":"2017-11-20T20:26:47","guid":{"rendered":"http:\/\/cmediterraneo.com\/?page_id=158"},"modified":"2026-01-07T17:29:41","modified_gmt":"2026-01-07T16:29:41","slug":"dietas-de-adelgazamiento","status":"publish","type":"page","link":"https:\/\/cmediterraneo.com\/?page_id=158","title":{"rendered":"\u00a1EMPIEZA HOY NUESTRO RETO!                    Perder peso"},"content":{"rendered":"\n<p>Ponte en contacto con nuestro centro de&nbsp;<strong>nutrici\u00f3n en Alzira<\/strong>&nbsp;y te acompa\u00f1aremos para conseguir tu objetivo de p\u00e9rdida de peso de forma realista, saludable y sostenible.<\/p>\n\n\n\n<p>El sobrepeso y la obesidad&nbsp;<strong>no son solo una cuesti\u00f3n est\u00e9tica<\/strong>. Desde la nutrici\u00f3n cl\u00ednica sabemos que se asocian a un mayor riesgo de enfermedades cardiovasculares, diabetes tipo 2, alteraciones hormonales, problemas articulares y tambi\u00e9n a un impacto importante en la salud emocional y la autoestima.<br>Por este motivo, organismos como la&nbsp;<strong>Organizaci\u00f3n Mundial de la Salud (OMS)<\/strong>&nbsp;consideran la obesidad uno de los principales problemas de salud p\u00fablica a nivel mundial.<\/p>\n\n\n\n<blockquote class=\"wp-block-quote is-layout-flow wp-block-quote-is-layout-flow\">\n<h3 class=\"wp-block-heading has-black-color has-text-color has-link-color wp-elements-1f6d0b80d37f6c1c6b69528852878c6a\"><span style=\"color: #ff6600;\">\u201cLa obesidad es una enfermedad cr\u00f3nica compleja que requiere un abordaje profesional e individualizado.\u201d<br>\u2014&nbsp;<em>The Lancet, Obesity Series<\/em><\/span><\/h3>\n<\/blockquote>\n\n\n\n<h3 class=\"wp-block-heading\">Perder peso es un proceso serio (y no deber\u00eda afrontarse en soledad)<\/h3>\n\n\n\n<div class=\"wp-block-group\"><div class=\"wp-block-group__inner-container is-layout-constrained wp-block-group-is-layout-constrained\">\n<div class=\"wp-block-group\"><div class=\"wp-block-group__inner-container is-layout-constrained wp-block-group-is-layout-constrained\">\n<p>Iniciar una&nbsp;<strong>dieta para perder peso<\/strong>&nbsp;implica mucho m\u00e1s que comer menos. Significa&nbsp;<strong>cuidar tu salud<\/strong>, tu relaci\u00f3n con la comida y tu bienestar a largo plazo. Por eso es fundamental hacerlo de la mano de&nbsp;<strong>dietistas-nutricionistas<\/strong>, los \u00fanicos profesionales sanitarios cualificados en nutrici\u00f3n humana.<\/p>\n\n\n\n<div class=\"wp-block-group is-nowrap is-layout-flex wp-container-core-group-is-layout-ad2f72ca wp-block-group-is-layout-flex\">\n<p>En nuestro centro de&nbsp;<strong>nutrici\u00f3n en Alzira<\/strong>&nbsp;contamos con&nbsp;<strong>m\u00e1s de 13 a\u00f1os de experiencia<\/strong>&nbsp;y hemos acompa\u00f1ado a&nbsp;<strong>m\u00e1s de 2.000 pacientes<\/strong>&nbsp;en procesos de p\u00e9rdida de peso. Nuestro objetivo no es solo que pierdas kilos, sino que&nbsp;<strong>aprendas a modificar tus h\u00e1bitos<\/strong>&nbsp;para que los resultados se mantengan en el tiempo.<\/p>\n<\/div>\n\n\n\n<p>La evidencia cient\u00edfica actual muestra que los programas de&nbsp;<strong>nutrici\u00f3n personalizados<\/strong>, basados en educaci\u00f3n alimentaria y cambios de h\u00e1bitos sostenidos, son los que logran mejores resultados a largo plazo frente a las dietas milagro o excesivamente restrictivas.<\/p>\n<\/div><\/div>\n\n\n\n<hr class=\"wp-block-separator has-alpha-channel-opacity\"\/>\n<\/div><\/div>\n\n\n\n<div class=\"wp-block-group is-nowrap is-layout-flex wp-container-core-group-is-layout-ad2f72ca wp-block-group-is-layout-flex\">\n<div class=\"wp-block-media-text is-stacked-on-mobile\"><figure class=\"wp-block-media-text__media\"><img loading=\"lazy\" decoding=\"async\" width=\"659\" height=\"1024\" src=\"http:\/\/cmediterraneo.com\/wp-content\/uploads\/2026\/01\/WhatsApp-Image-2026-01-05-at-12.51.29-12-659x1024.jpeg\" alt=\"\" class=\"wp-image-790 size-full\" srcset=\"https:\/\/cmediterraneo.com\/wp-content\/uploads\/2026\/01\/WhatsApp-Image-2026-01-05-at-12.51.29-12-659x1024.jpeg 659w, https:\/\/cmediterraneo.com\/wp-content\/uploads\/2026\/01\/WhatsApp-Image-2026-01-05-at-12.51.29-12-193x300.jpeg 193w, https:\/\/cmediterraneo.com\/wp-content\/uploads\/2026\/01\/WhatsApp-Image-2026-01-05-at-12.51.29-12-768x1193.jpeg 768w, https:\/\/cmediterraneo.com\/wp-content\/uploads\/2026\/01\/WhatsApp-Image-2026-01-05-at-12.51.29-12-989x1536.jpeg 989w, https:\/\/cmediterraneo.com\/wp-content\/uploads\/2026\/01\/WhatsApp-Image-2026-01-05-at-12.51.29-12.jpeg 1030w\" sizes=\"auto, (max-width: 659px) 100vw, 659px\" \/><\/figure><div class=\"wp-block-media-text__content\">\n<h2 class=\"wp-block-heading\">Dieta personalizada, basada en ciencia<\/h2>\n\n\n\n<p>Todos nuestros dietistas-nutricionistas cuentan con&nbsp;<strong>formaci\u00f3n universitaria oficial<\/strong>, han realizado el&nbsp;<strong>M\u00e1ster Oficial en Nutrici\u00f3n Cl\u00ednica y Personalizada<\/strong>&nbsp;y actualmente est\u00e1n cursando el&nbsp;<strong>Doctorado por la Universidad de Valencia<\/strong>.<br>Adem\u00e1s, nos mantenemos en constante actualizaci\u00f3n mediante cursos, congresos y formaci\u00f3n continua, porque la&nbsp;<strong>nutrici\u00f3n basada en la evidencia<\/strong>&nbsp;evoluciona constantemente.<\/p>\n\n\n\n<p>No creemos en las dietas est\u00e1ndar.<br><strong>No repartimos dietas de caj\u00f3n.<\/strong><\/p>\n\n\n\n<p>Cada&nbsp;<strong>dieta<\/strong>&nbsp;y cada plan nutricional se dise\u00f1an exclusivamente para ti, teniendo en cuenta:<\/p>\n\n\n\n<ul class=\"wp-block-list\">\n<li>Tu historial cl\u00ednico y posibles patolog\u00edas<\/li>\n\n\n\n<li>Tus gustos y preferencias alimentarias<\/li>\n\n\n\n<li>Tu trabajo, horarios y vida social<\/li>\n\n\n\n<li>Tu contexto emocional y tu estilo de vida<\/li>\n<\/ul>\n\n\n\n<p><\/p>\n<\/div><\/div>\n<\/div>\n\n\n\n<div style=\"height:100px\" aria-hidden=\"true\" class=\"wp-block-spacer\"><\/div>\n\n\n\n<hr class=\"wp-block-separator has-alpha-channel-opacity\"\/>\n\n\n\n<h4 class=\"wp-block-heading\">La&nbsp;<strong>nutrici\u00f3n se adapta a ti<\/strong>, no t\u00fa a la dieta.<\/h4>\n\n\n\n<p>No vendemos productos para perder peso ni suplementos milagro.<br>Nuestro \u00fanico inter\u00e9s es que consigas una&nbsp;<strong>p\u00e9rdida de peso saludable, segura y duradera<\/strong>, basada en ciencia, acompa\u00f1amiento y coherencia.<\/p>\n\n\n\n<p>Y si tu proceso lo requiere, trabajamos de forma coordinada con otros profesionales:<\/p>\n\n\n\n<ul class=\"wp-block-list\">\n<li>Psicolog\u00eda<\/li>\n\n\n\n<li>Entrenamiento personal<\/li>\n<\/ul>\n\n\n\n<p>Porque el peso no depende solo de la alimentaci\u00f3n, sino tambi\u00e9n del descanso, el movimiento, el estr\u00e9s y la relaci\u00f3n que mantenemos con la comida.<\/p>\n\n\n\n<div style=\"height:100px\" aria-hidden=\"true\" class=\"wp-block-spacer\"><\/div>\n\n\n\n<hr class=\"wp-block-separator has-alpha-channel-opacity\"\/>\n\n\n<style id=\"wpforms-css-vars-859\">\n\t\t\t\t#wpforms-859 {\n\t\t\t\t--wpforms-field-border-style: dashed;\n--wpforms-field-border-color: rgba(0, 0, 0, 0.25);\n--wpforms-field-border-color-spare: rgba(0, 0, 0, 0.25);\n--wpforms-field-text-color: rgba(0, 0, 0, 0.7);\n--wpforms-label-color: rgba(0, 0, 0, 0.85);\n--wpforms-label-sublabel-color: rgba(0, 0, 0, 0.55);\n--wpforms-container-padding: 0px;\n--wpforms-container-border-width: 1px;\n--wpforms-container-border-radius: 3px;\n--wpforms-background-color: rgba(0, 0, 0, 0);\n--wpforms-field-size-input-height: 31px;\n--wpforms-field-size-input-spacing: 10px;\n--wpforms-field-size-font-size: 14px;\n--wpforms-field-size-line-height: 17px;\n--wpforms-field-size-padding-h: 9px;\n--wpforms-field-size-checkbox-size: 14px;\n--wpforms-field-size-sublabel-spacing: 5px;\n--wpforms-field-size-icon-size: 0.75;\n--wpforms-label-size-font-size: 16px;\n--wpforms-label-size-line-height: 19px;\n--wpforms-label-size-sublabel-font-size: 14px;\n--wpforms-label-size-sublabel-line-height: 17px;\n--wpforms-button-size-font-size: 17px;\n--wpforms-button-size-height: 41px;\n--wpforms-button-size-padding-h: 15px;\n--wpforms-button-size-margin-top: 10px;\n--wpforms-container-shadow-size-box-shadow: none;\n\t\t\t}\n\t\t\t<\/style><div class=\"wpforms-container wpforms-container-full wpforms-render-modern\" id=\"wpforms-859\"><form id=\"wpforms-form-859\" class=\"wpforms-validate wpforms-form wpforms-ajax-form\" data-formid=\"859\" method=\"post\" enctype=\"multipart\/form-data\" action=\"\/index.php?rest_route=%2Fwp%2Fv2%2Fpages%2F158\" data-token=\"24fd8b4e2199673514156a55a2acc2d2\" data-token-time=\"1776864542\"><noscript class=\"wpforms-error-noscript\">Por favor, activa JavaScript en tu navegador para completar este formulario.<\/noscript><div id=\"wpforms-error-noscript\" style=\"display: none;\">Por favor, activa JavaScript en tu navegador para completar este formulario.<\/div><div class=\"wpforms-field-container\"><div id=\"wpforms-859-field_0-container\" class=\"wpforms-field wpforms-field-name\" data-field-id=\"0\"><label class=\"wpforms-field-label\" for=\"wpforms-859-field_0\">Nombre  <span class=\"wpforms-required-label\" aria-hidden=\"true\">*<\/span><\/label><input type=\"text\" id=\"wpforms-859-field_0\" class=\"wpforms-field-medium wpforms-field-required\" name=\"wpforms[fields][0]\" aria-errormessage=\"wpforms-859-field_0-error\" required><\/div><div id=\"wpforms-859-field_1-container\" class=\"wpforms-field wpforms-field-email\" data-field-id=\"1\"><label class=\"wpforms-field-label\" for=\"wpforms-859-field_1\">Email <span class=\"wpforms-required-label\" aria-hidden=\"true\">*<\/span><\/label><input type=\"email\" id=\"wpforms-859-field_1\" class=\"wpforms-field-medium wpforms-field-required\" name=\"wpforms[fields][1]\" spellcheck=\"false\" aria-errormessage=\"wpforms-859-field_1-error\" required><\/div>\t\t<div id=\"wpforms-859-field_4-container\"\n\t\t\tclass=\"wpforms-field wpforms-field-text\"\n\t\t\tdata-field-type=\"text\"\n\t\t\tdata-field-id=\"4\"\n\t\t\t>\n\t\t\t<label class=\"wpforms-field-label\" for=\"wpforms-859-field_4\" >datos de consulta<\/label>\n\t\t\t<input type=\"text\" id=\"wpforms-859-field_4\" class=\"wpforms-field-medium\" name=\"wpforms[fields][4]\" >\n\t\t<\/div>\n\t\t<div id=\"wpforms-859-field_2-container\" class=\"wpforms-field wpforms-field-textarea\" data-field-id=\"2\"><label class=\"wpforms-field-label\" for=\"wpforms-859-field_2\">motivo de consulta <span class=\"wpforms-required-label\" aria-hidden=\"true\">*<\/span><\/label><textarea id=\"wpforms-859-field_2\" class=\"wpforms-field-medium wpforms-field-required\" name=\"wpforms[fields][2]\" aria-errormessage=\"wpforms-859-field_2-error\" required><\/textarea><\/div><div id=\"wpforms-859-field_3-container\" class=\"wpforms-field wpforms-field-checkbox\" data-field-id=\"3\"><fieldset><legend class=\"wpforms-field-label\">Pol\u00edtica de Privacidad y tratamiento de datos personales. <span class=\"wpforms-required-label\" aria-hidden=\"true\">*<\/span><\/legend><ul id=\"wpforms-859-field_3\" class=\"wpforms-field-required\"><li class=\"choice-1 depth-1\"><input type=\"checkbox\" id=\"wpforms-859-field_3_1\" name=\"wpforms[fields][3][]\" value=\"He le\u00eddo y acepto la Pol\u00edtica de Privacidad y consiento el tratamiento de mis datos personales conforme al Reglamento (UE) 2016\/679 (RGPD) y la LOPDGDD\" aria-errormessage=\"wpforms-859-field_3_1-error\" aria-describedby=\"wpforms-859-field_3-description\" required ><label class=\"wpforms-field-label-inline\" for=\"wpforms-859-field_3_1\">He le\u00eddo y acepto la Pol\u00edtica de Privacidad y consiento el tratamiento de mis datos personales conforme al Reglamento (UE) 2016\/679 (RGPD) y la LOPDGDD<\/label><\/li><\/ul><div id=\"wpforms-859-field_3-description\" class=\"wpforms-field-description wpforms-disclaimer-description\">Responsable: Centro Mediterr\u00e1neo.<br \/>\nFinalidad: Gestionar y atender su solicitud de informaci\u00f3n o contacto.<br \/>\nLegitimaci\u00f3n: Consentimiento del interesado.<br \/>\nDestinatarios: No se ceder\u00e1n datos a terceros, salvo obligaci\u00f3n legal.<br \/>\nDerechos: Puede acceder, rectificar y suprimir sus datos, as\u00ed como ejercer otros derechos, seg\u00fan se detalla en la Pol\u00edtica de Privacidad.<\/div><\/fieldset><\/div><script>\n\t\t\t\t( function() {\n\t\t\t\t\tconst style = document.createElement( 'style' );\n\t\t\t\t\tstyle.appendChild( document.createTextNode( '#wpforms-859-field_4-container { position: absolute !important; overflow: hidden !important; display: inline !important; height: 1px !important; width: 1px !important; z-index: -1000 !important; padding: 0 !important; } #wpforms-859-field_4-container input { visibility: hidden; } #wpforms-conversational-form-page #wpforms-859-field_4-container label { counter-increment: none; }' ) );\n\t\t\t\t\tdocument.head.appendChild( style );\n\t\t\t\t\tdocument.currentScript?.remove();\n\t\t\t\t} )();\n\t\t\t<\/script><\/div><!-- .wpforms-field-container --><div class=\"wpforms-submit-container\" ><input type=\"hidden\" name=\"wpforms[id]\" value=\"859\"><input type=\"hidden\" name=\"page_title\" value=\"\"><input type=\"hidden\" name=\"page_url\" value=\"https:\/\/cmediterraneo.com\/index.php?rest_route=\/wp\/v2\/pages\/158\"><input type=\"hidden\" name=\"url_referer\" value=\"\"><button type=\"submit\" name=\"wpforms[submit]\" id=\"wpforms-submit-859\" class=\"wpforms-submit\" data-alt-text=\"Sending...\" data-submit-text=\"Submit\" aria-live=\"assertive\" value=\"wpforms-submit\">Submit<\/button><img loading=\"lazy\" decoding=\"async\" src=\"https:\/\/cmediterraneo.com\/wp-content\/plugins\/wpforms-lite\/assets\/images\/submit-spin.svg\" class=\"wpforms-submit-spinner\" style=\"display: none;\" width=\"26\" height=\"26\" alt=\"Cargando\"><\/div><\/form><\/div>  <!-- .wpforms-container -->\n","protected":false},"excerpt":{"rendered":"<p>Ponte en contacto con nuestro centro de&nbsp;nutrici\u00f3n en Alzira&nbsp;y te acompa\u00f1aremos para conseguir tu objetivo de p\u00e9rdida de peso de forma realista, saludable y sostenible. El sobrepeso y la obesidad&nbsp;no son solo una cuesti\u00f3n est\u00e9tica. Desde la nutrici\u00f3n cl\u00ednica sabemos que se asocian a un mayor riesgo de enfermedades cardiovasculares, diabetes tipo 2, alteraciones hormonales,&hellip; <\/p>\n","protected":false},"author":1,"featured_media":422,"parent":0,"menu_order":0,"comment_status":"closed","ping_status":"closed","template":"","meta":{"footnotes":""},"class_list":["post-158","page","type-page","status-publish","has-post-thumbnail","hentry"],"yoast_head":"<!-- This site is optimized with the Yoast SEO plugin v26.7 - https:\/\/yoast.com\/wordpress\/plugins\/seo\/ -->\n<title>\u00a1EMPIEZA HOY NUESTRO RETO!          Perder peso - Centro Mediterr\u00e1neo<\/title>\n<meta name=\"robots\" content=\"index, follow, max-snippet:-1, max-image-preview:large, max-video-preview:-1\" \/>\n<link rel=\"canonical\" href=\"https:\/\/cmediterraneo.com\/?page_id=158\" \/>\n<meta property=\"og:locale\" content=\"es_ES\" \/>\n<meta property=\"og:type\" content=\"article\" \/>\n<meta property=\"og:title\" content=\"\u00a1EMPIEZA HOY NUESTRO RETO!          Perder peso - Centro Mediterr\u00e1neo\" \/>\n<meta property=\"og:description\" content=\"Ponte en contacto con nuestro centro de&nbsp;nutrici\u00f3n en Alzira&nbsp;y te acompa\u00f1aremos para conseguir tu objetivo de p\u00e9rdida de peso de forma realista, saludable y sostenible. El sobrepeso y la obesidad&nbsp;no son solo una cuesti\u00f3n est\u00e9tica. Desde la nutrici\u00f3n cl\u00ednica sabemos que se asocian a un mayor riesgo de enfermedades cardiovasculares, diabetes tipo 2, alteraciones hormonales,&hellip;\" \/>\n<meta property=\"og:url\" content=\"https:\/\/cmediterraneo.com\/?page_id=158\" \/>\n<meta property=\"og:site_name\" content=\"Centro Mediterr\u00e1neo\" \/>\n<meta property=\"article:modified_time\" content=\"2026-01-07T16:29:41+00:00\" \/>\n<meta property=\"og:image\" content=\"http:\/\/cmediterraneo.com\/wp-content\/uploads\/2018\/01\/blueberries-690072_1920.jpg\" \/>\n\t<meta property=\"og:image:width\" content=\"1920\" \/>\n\t<meta property=\"og:image:height\" content=\"1279\" \/>\n\t<meta property=\"og:image:type\" content=\"image\/jpeg\" \/>\n<meta name=\"twitter:card\" content=\"summary_large_image\" \/>\n<meta name=\"twitter:label1\" content=\"Tiempo de lectura\" \/>\n\t<meta name=\"twitter:data1\" content=\"3 minutos\" \/>\n<script type=\"application\/ld+json\" class=\"yoast-schema-graph\">{\"@context\":\"https:\/\/schema.org\",\"@graph\":[{\"@type\":\"WebPage\",\"@id\":\"https:\/\/cmediterraneo.com\/?page_id=158\",\"url\":\"https:\/\/cmediterraneo.com\/?page_id=158\",\"name\":\"\u00a1EMPIEZA HOY NUESTRO RETO! Perder peso - Centro Mediterr\u00e1neo\",\"isPartOf\":{\"@id\":\"https:\/\/cmediterraneo.com\/#website\"},\"primaryImageOfPage\":{\"@id\":\"https:\/\/cmediterraneo.com\/?page_id=158#primaryimage\"},\"image\":{\"@id\":\"https:\/\/cmediterraneo.com\/?page_id=158#primaryimage\"},\"thumbnailUrl\":\"https:\/\/cmediterraneo.com\/wp-content\/uploads\/2018\/01\/blueberries-690072_1920.jpg\",\"datePublished\":\"2017-11-20T20:26:47+00:00\",\"dateModified\":\"2026-01-07T16:29:41+00:00\",\"breadcrumb\":{\"@id\":\"https:\/\/cmediterraneo.com\/?page_id=158#breadcrumb\"},\"inLanguage\":\"es\",\"potentialAction\":[{\"@type\":\"ReadAction\",\"target\":[\"https:\/\/cmediterraneo.com\/?page_id=158\"]}]},{\"@type\":\"ImageObject\",\"inLanguage\":\"es\",\"@id\":\"https:\/\/cmediterraneo.com\/?page_id=158#primaryimage\",\"url\":\"https:\/\/cmediterraneo.com\/wp-content\/uploads\/2018\/01\/blueberries-690072_1920.jpg\",\"contentUrl\":\"https:\/\/cmediterraneo.com\/wp-content\/uploads\/2018\/01\/blueberries-690072_1920.jpg\",\"width\":1920,\"height\":1279},{\"@type\":\"BreadcrumbList\",\"@id\":\"https:\/\/cmediterraneo.com\/?page_id=158#breadcrumb\",\"itemListElement\":[{\"@type\":\"ListItem\",\"position\":1,\"name\":\"Portada\",\"item\":\"https:\/\/cmediterraneo.com\/\"},{\"@type\":\"ListItem\",\"position\":2,\"name\":\"\u00a1EMPIEZA HOY NUESTRO RETO! Perder peso\"}]},{\"@type\":\"WebSite\",\"@id\":\"https:\/\/cmediterraneo.com\/#website\",\"url\":\"https:\/\/cmediterraneo.com\/\",\"name\":\"Centro Mediterr\u00e1neo\",\"description\":\"Diet\u00e9tica y Nutrici\u00f3n\",\"publisher\":{\"@id\":\"https:\/\/cmediterraneo.com\/#organization\"},\"potentialAction\":[{\"@type\":\"SearchAction\",\"target\":{\"@type\":\"EntryPoint\",\"urlTemplate\":\"https:\/\/cmediterraneo.com\/?s={search_term_string}\"},\"query-input\":{\"@type\":\"PropertyValueSpecification\",\"valueRequired\":true,\"valueName\":\"search_term_string\"}}],\"inLanguage\":\"es\"},{\"@type\":\"Organization\",\"@id\":\"https:\/\/cmediterraneo.com\/#organization\",\"name\":\"Centro Mediterr\u00e1neo cl\u00ednica multidisciplinar\",\"url\":\"https:\/\/cmediterraneo.com\/\",\"logo\":{\"@type\":\"ImageObject\",\"inLanguage\":\"es\",\"@id\":\"https:\/\/cmediterraneo.com\/#\/schema\/logo\/image\/\",\"url\":\"https:\/\/cmediterraneo.com\/wp-content\/uploads\/2026\/01\/cropped-Diseno-sin-titulo-4.png\",\"contentUrl\":\"https:\/\/cmediterraneo.com\/wp-content\/uploads\/2026\/01\/cropped-Diseno-sin-titulo-4.png\",\"width\":1563,\"height\":1082,\"caption\":\"Centro Mediterr\u00e1neo cl\u00ednica multidisciplinar\"},\"image\":{\"@id\":\"https:\/\/cmediterraneo.com\/#\/schema\/logo\/image\/\"},\"sameAs\":[\"https:\/\/www.instagram.com\/centro_mediterraneo\/\"]}]}<\/script>\n<!-- \/ Yoast SEO plugin. -->","yoast_head_json":{"title":"\u00a1EMPIEZA HOY NUESTRO RETO!          Perder peso - Centro Mediterr\u00e1neo","robots":{"index":"index","follow":"follow","max-snippet":"max-snippet:-1","max-image-preview":"max-image-preview:large","max-video-preview":"max-video-preview:-1"},"canonical":"https:\/\/cmediterraneo.com\/?page_id=158","og_locale":"es_ES","og_type":"article","og_title":"\u00a1EMPIEZA HOY NUESTRO RETO!          Perder peso - Centro Mediterr\u00e1neo","og_description":"Ponte en contacto con nuestro centro de&nbsp;nutrici\u00f3n en Alzira&nbsp;y te acompa\u00f1aremos para conseguir tu objetivo de p\u00e9rdida de peso de forma realista, saludable y sostenible. El sobrepeso y la obesidad&nbsp;no son solo una cuesti\u00f3n est\u00e9tica. Desde la nutrici\u00f3n cl\u00ednica sabemos que se asocian a un mayor riesgo de enfermedades cardiovasculares, diabetes tipo 2, alteraciones hormonales,&hellip;","og_url":"https:\/\/cmediterraneo.com\/?page_id=158","og_site_name":"Centro Mediterr\u00e1neo","article_modified_time":"2026-01-07T16:29:41+00:00","og_image":[{"width":1920,"height":1279,"url":"http:\/\/cmediterraneo.com\/wp-content\/uploads\/2018\/01\/blueberries-690072_1920.jpg","type":"image\/jpeg"}],"twitter_card":"summary_large_image","twitter_misc":{"Tiempo de lectura":"3 minutos"},"schema":{"@context":"https:\/\/schema.org","@graph":[{"@type":"WebPage","@id":"https:\/\/cmediterraneo.com\/?page_id=158","url":"https:\/\/cmediterraneo.com\/?page_id=158","name":"\u00a1EMPIEZA HOY NUESTRO RETO! Perder peso - Centro Mediterr\u00e1neo","isPartOf":{"@id":"https:\/\/cmediterraneo.com\/#website"},"primaryImageOfPage":{"@id":"https:\/\/cmediterraneo.com\/?page_id=158#primaryimage"},"image":{"@id":"https:\/\/cmediterraneo.com\/?page_id=158#primaryimage"},"thumbnailUrl":"https:\/\/cmediterraneo.com\/wp-content\/uploads\/2018\/01\/blueberries-690072_1920.jpg","datePublished":"2017-11-20T20:26:47+00:00","dateModified":"2026-01-07T16:29:41+00:00","breadcrumb":{"@id":"https:\/\/cmediterraneo.com\/?page_id=158#breadcrumb"},"inLanguage":"es","potentialAction":[{"@type":"ReadAction","target":["https:\/\/cmediterraneo.com\/?page_id=158"]}]},{"@type":"ImageObject","inLanguage":"es","@id":"https:\/\/cmediterraneo.com\/?page_id=158#primaryimage","url":"https:\/\/cmediterraneo.com\/wp-content\/uploads\/2018\/01\/blueberries-690072_1920.jpg","contentUrl":"https:\/\/cmediterraneo.com\/wp-content\/uploads\/2018\/01\/blueberries-690072_1920.jpg","width":1920,"height":1279},{"@type":"BreadcrumbList","@id":"https:\/\/cmediterraneo.com\/?page_id=158#breadcrumb","itemListElement":[{"@type":"ListItem","position":1,"name":"Portada","item":"https:\/\/cmediterraneo.com\/"},{"@type":"ListItem","position":2,"name":"\u00a1EMPIEZA HOY NUESTRO RETO! Perder peso"}]},{"@type":"WebSite","@id":"https:\/\/cmediterraneo.com\/#website","url":"https:\/\/cmediterraneo.com\/","name":"Centro Mediterr\u00e1neo","description":"Diet\u00e9tica y Nutrici\u00f3n","publisher":{"@id":"https:\/\/cmediterraneo.com\/#organization"},"potentialAction":[{"@type":"SearchAction","target":{"@type":"EntryPoint","urlTemplate":"https:\/\/cmediterraneo.com\/?s={search_term_string}"},"query-input":{"@type":"PropertyValueSpecification","valueRequired":true,"valueName":"search_term_string"}}],"inLanguage":"es"},{"@type":"Organization","@id":"https:\/\/cmediterraneo.com\/#organization","name":"Centro Mediterr\u00e1neo cl\u00ednica multidisciplinar","url":"https:\/\/cmediterraneo.com\/","logo":{"@type":"ImageObject","inLanguage":"es","@id":"https:\/\/cmediterraneo.com\/#\/schema\/logo\/image\/","url":"https:\/\/cmediterraneo.com\/wp-content\/uploads\/2026\/01\/cropped-Diseno-sin-titulo-4.png","contentUrl":"https:\/\/cmediterraneo.com\/wp-content\/uploads\/2026\/01\/cropped-Diseno-sin-titulo-4.png","width":1563,"height":1082,"caption":"Centro Mediterr\u00e1neo cl\u00ednica multidisciplinar"},"image":{"@id":"https:\/\/cmediterraneo.com\/#\/schema\/logo\/image\/"},"sameAs":["https:\/\/www.instagram.com\/centro_mediterraneo\/"]}]}},"_links":{"self":[{"href":"https:\/\/cmediterraneo.com\/index.php?rest_route=\/wp\/v2\/pages\/158","targetHints":{"allow":["GET"]}}],"collection":[{"href":"https:\/\/cmediterraneo.com\/index.php?rest_route=\/wp\/v2\/pages"}],"about":[{"href":"https:\/\/cmediterraneo.com\/index.php?rest_route=\/wp\/v2\/types\/page"}],"author":[{"embeddable":true,"href":"https:\/\/cmediterraneo.com\/index.php?rest_route=\/wp\/v2\/users\/1"}],"replies":[{"embeddable":true,"href":"https:\/\/cmediterraneo.com\/index.php?rest_route=%2Fwp%2Fv2%2Fcomments&post=158"}],"version-history":[{"count":18,"href":"https:\/\/cmediterraneo.com\/index.php?rest_route=\/wp\/v2\/pages\/158\/revisions"}],"predecessor-version":[{"id":866,"href":"https:\/\/cmediterraneo.com\/index.php?rest_route=\/wp\/v2\/pages\/158\/revisions\/866"}],"wp:featuredmedia":[{"embeddable":true,"href":"https:\/\/cmediterraneo.com\/index.php?rest_route=\/wp\/v2\/media\/422"}],"wp:attachment":[{"href":"https:\/\/cmediterraneo.com\/index.php?rest_route=%2Fwp%2Fv2%2Fmedia&parent=158"}],"curies":[{"name":"wp","href":"https:\/\/api.w.org\/{rel}","templated":true}]}}