{"id":141,"date":"2017-11-20T20:48:11","date_gmt":"2017-11-20T19:48:11","guid":{"rendered":"http:\/\/cmediterraneo.com\/?page_id=141"},"modified":"2021-03-03T09:54:56","modified_gmt":"2021-03-03T08:54:56","slug":"contacto-2","status":"publish","type":"page","link":"https:\/\/cmediterraneo.com\/?page_id=141","title":{"rendered":"Contacto"},"content":{"rendered":"<h6 style=\"text-align: center;\"><span style=\"color: #008080;\">PIDE CITA<\/span><\/h6>\n<p>Si quieres pedir cita con nuestro equipo o si te gustar\u00eda conocer m\u00e1s acerca de nosotros y nuestros servicios, ll\u00e1manos o escr\u00edbenos tus dudas y te contestaremos con la mayor brevedad posible.<\/p>\n<p style=\"text-align: left;\"><strong><span style=\"color: #008080;\">\u00a1Estamos aqu\u00ed para lo que necesites!<\/span><\/strong><\/p>\n<p style=\"text-align: left;\">Puedes ponerte en contacto con nosotros en:<\/p>\n<p><img loading=\"lazy\" decoding=\"async\" class=\"aligncenter wp-image-517 size-full\" src=\"http:\/\/cmediterraneo.com\/wp-content\/uploads\/2021\/03\/Captura-de-pantalla-2021-03-03-a-las-9.51.51.png\" alt=\"\" width=\"374\" height=\"233\" srcset=\"https:\/\/cmediterraneo.com\/wp-content\/uploads\/2021\/03\/Captura-de-pantalla-2021-03-03-a-las-9.51.51.png 374w, https:\/\/cmediterraneo.com\/wp-content\/uploads\/2021\/03\/Captura-de-pantalla-2021-03-03-a-las-9.51.51-300x187.png 300w\" sizes=\"auto, (max-width: 374px) 100vw, 374px\" \/><\/p>\n<hr \/>\n<h6 style=\"text-align: center;\"><span style=\"color: #008080;\">ESCR\u00cdBENOS<\/span><\/h6>\n<p>Si lo prefieres, puedes ponerte en contacto con nosotros mediante este formulario:<\/p>\n<p>[contact-form-7 id=\u00bb144&#8243; title=\u00bbPonte en contacto con nosotros\u00bb]<\/p>\n","protected":false},"excerpt":{"rendered":"<p>PIDE CITA Si quieres pedir cita con nuestro equipo o si te gustar\u00eda conocer m\u00e1s acerca de nosotros y nuestros servicios, ll\u00e1manos o escr\u00edbenos tus dudas y te contestaremos con la mayor brevedad posible. \u00a1Estamos aqu\u00ed para lo que necesites! Puedes ponerte en contacto con nosotros en: ESCR\u00cdBENOS Si lo prefieres, puedes ponerte en contacto&hellip; <\/p>\n","protected":false},"author":1,"featured_media":0,"parent":0,"menu_order":0,"comment_status":"closed","ping_status":"closed","template":"","meta":{"footnotes":""},"class_list":["post-141","page","type-page","status-publish","hentry"],"yoast_head":"<!-- This site is optimized with the Yoast SEO plugin v26.7 - https:\/\/yoast.com\/wordpress\/plugins\/seo\/ -->\n<title>Contacto - Centro Mediterr\u00e1neo<\/title>\n<meta name=\"robots\" content=\"index, follow, max-snippet:-1, max-image-preview:large, max-video-preview:-1\" \/>\n<link rel=\"canonical\" href=\"https:\/\/cmediterraneo.com\/?page_id=141\" \/>\n<meta property=\"og:locale\" content=\"es_ES\" \/>\n<meta property=\"og:type\" content=\"article\" \/>\n<meta property=\"og:title\" content=\"Contacto - Centro Mediterr\u00e1neo\" \/>\n<meta property=\"og:description\" content=\"PIDE CITA Si quieres pedir cita con nuestro equipo o si te gustar\u00eda conocer m\u00e1s acerca de nosotros y nuestros servicios, ll\u00e1manos o escr\u00edbenos tus dudas y te contestaremos con la mayor brevedad posible. \u00a1Estamos aqu\u00ed para lo que necesites! Puedes ponerte en contacto con nosotros en: ESCR\u00cdBENOS Si lo prefieres, puedes ponerte en contacto&hellip;\" \/>\n<meta property=\"og:url\" content=\"https:\/\/cmediterraneo.com\/?page_id=141\" \/>\n<meta property=\"og:site_name\" content=\"Centro Mediterr\u00e1neo\" \/>\n<meta property=\"article:modified_time\" content=\"2021-03-03T08:54:56+00:00\" \/>\n<meta property=\"og:image\" content=\"https:\/\/cmediterraneo.com\/wp-content\/uploads\/2021\/03\/Captura-de-pantalla-2021-03-03-a-las-9.51.51.png\" \/>\n\t<meta property=\"og:image:width\" content=\"374\" \/>\n\t<meta property=\"og:image:height\" content=\"233\" \/>\n\t<meta property=\"og:image:type\" content=\"image\/png\" \/>\n<meta name=\"twitter:card\" content=\"summary_large_image\" \/>\n<script type=\"application\/ld+json\" class=\"yoast-schema-graph\">{\"@context\":\"https:\/\/schema.org\",\"@graph\":[{\"@type\":\"WebPage\",\"@id\":\"https:\/\/cmediterraneo.com\/?page_id=141\",\"url\":\"https:\/\/cmediterraneo.com\/?page_id=141\",\"name\":\"Contacto - Centro Mediterr\u00e1neo\",\"isPartOf\":{\"@id\":\"https:\/\/cmediterraneo.com\/#website\"},\"primaryImageOfPage\":{\"@id\":\"https:\/\/cmediterraneo.com\/?page_id=141#primaryimage\"},\"image\":{\"@id\":\"https:\/\/cmediterraneo.com\/?page_id=141#primaryimage\"},\"thumbnailUrl\":\"http:\/\/cmediterraneo.com\/wp-content\/uploads\/2021\/03\/Captura-de-pantalla-2021-03-03-a-las-9.51.51.png\",\"datePublished\":\"2017-11-20T19:48:11+00:00\",\"dateModified\":\"2021-03-03T08:54:56+00:00\",\"breadcrumb\":{\"@id\":\"https:\/\/cmediterraneo.com\/?page_id=141#breadcrumb\"},\"inLanguage\":\"es\",\"potentialAction\":[{\"@type\":\"ReadAction\",\"target\":[\"https:\/\/cmediterraneo.com\/?page_id=141\"]}]},{\"@type\":\"ImageObject\",\"inLanguage\":\"es\",\"@id\":\"https:\/\/cmediterraneo.com\/?page_id=141#primaryimage\",\"url\":\"https:\/\/cmediterraneo.com\/wp-content\/uploads\/2021\/03\/Captura-de-pantalla-2021-03-03-a-las-9.51.51.png\",\"contentUrl\":\"https:\/\/cmediterraneo.com\/wp-content\/uploads\/2021\/03\/Captura-de-pantalla-2021-03-03-a-las-9.51.51.png\",\"width\":374,\"height\":233},{\"@type\":\"BreadcrumbList\",\"@id\":\"https:\/\/cmediterraneo.com\/?page_id=141#breadcrumb\",\"itemListElement\":[{\"@type\":\"ListItem\",\"position\":1,\"name\":\"Portada\",\"item\":\"https:\/\/cmediterraneo.com\/\"},{\"@type\":\"ListItem\",\"position\":2,\"name\":\"Contacto\"}]},{\"@type\":\"WebSite\",\"@id\":\"https:\/\/cmediterraneo.com\/#website\",\"url\":\"https:\/\/cmediterraneo.com\/\",\"name\":\"Centro Mediterr\u00e1neo\",\"description\":\"Diet\u00e9tica y Nutrici\u00f3n\",\"publisher\":{\"@id\":\"https:\/\/cmediterraneo.com\/#organization\"},\"potentialAction\":[{\"@type\":\"SearchAction\",\"target\":{\"@type\":\"EntryPoint\",\"urlTemplate\":\"https:\/\/cmediterraneo.com\/?s={search_term_string}\"},\"query-input\":{\"@type\":\"PropertyValueSpecification\",\"valueRequired\":true,\"valueName\":\"search_term_string\"}}],\"inLanguage\":\"es\"},{\"@type\":\"Organization\",\"@id\":\"https:\/\/cmediterraneo.com\/#organization\",\"name\":\"Centro Mediterr\u00e1neo cl\u00ednica multidisciplinar\",\"url\":\"https:\/\/cmediterraneo.com\/\",\"logo\":{\"@type\":\"ImageObject\",\"inLanguage\":\"es\",\"@id\":\"https:\/\/cmediterraneo.com\/#\/schema\/logo\/image\/\",\"url\":\"https:\/\/cmediterraneo.com\/wp-content\/uploads\/2026\/01\/cropped-Diseno-sin-titulo-4.png\",\"contentUrl\":\"https:\/\/cmediterraneo.com\/wp-content\/uploads\/2026\/01\/cropped-Diseno-sin-titulo-4.png\",\"width\":1563,\"height\":1082,\"caption\":\"Centro Mediterr\u00e1neo cl\u00ednica multidisciplinar\"},\"image\":{\"@id\":\"https:\/\/cmediterraneo.com\/#\/schema\/logo\/image\/\"},\"sameAs\":[\"https:\/\/www.instagram.com\/centro_mediterraneo\/\"]}]}<\/script>\n<!-- \/ Yoast SEO plugin. -->","yoast_head_json":{"title":"Contacto - Centro Mediterr\u00e1neo","robots":{"index":"index","follow":"follow","max-snippet":"max-snippet:-1","max-image-preview":"max-image-preview:large","max-video-preview":"max-video-preview:-1"},"canonical":"https:\/\/cmediterraneo.com\/?page_id=141","og_locale":"es_ES","og_type":"article","og_title":"Contacto - Centro Mediterr\u00e1neo","og_description":"PIDE CITA Si quieres pedir cita con nuestro equipo o si te gustar\u00eda conocer m\u00e1s acerca de nosotros y nuestros servicios, ll\u00e1manos o escr\u00edbenos tus dudas y te contestaremos con la mayor brevedad posible. \u00a1Estamos aqu\u00ed para lo que necesites! Puedes ponerte en contacto con nosotros en: ESCR\u00cdBENOS Si lo prefieres, puedes ponerte en contacto&hellip;","og_url":"https:\/\/cmediterraneo.com\/?page_id=141","og_site_name":"Centro Mediterr\u00e1neo","article_modified_time":"2021-03-03T08:54:56+00:00","og_image":[{"width":374,"height":233,"url":"https:\/\/cmediterraneo.com\/wp-content\/uploads\/2021\/03\/Captura-de-pantalla-2021-03-03-a-las-9.51.51.png","type":"image\/png"}],"twitter_card":"summary_large_image","schema":{"@context":"https:\/\/schema.org","@graph":[{"@type":"WebPage","@id":"https:\/\/cmediterraneo.com\/?page_id=141","url":"https:\/\/cmediterraneo.com\/?page_id=141","name":"Contacto - Centro Mediterr\u00e1neo","isPartOf":{"@id":"https:\/\/cmediterraneo.com\/#website"},"primaryImageOfPage":{"@id":"https:\/\/cmediterraneo.com\/?page_id=141#primaryimage"},"image":{"@id":"https:\/\/cmediterraneo.com\/?page_id=141#primaryimage"},"thumbnailUrl":"http:\/\/cmediterraneo.com\/wp-content\/uploads\/2021\/03\/Captura-de-pantalla-2021-03-03-a-las-9.51.51.png","datePublished":"2017-11-20T19:48:11+00:00","dateModified":"2021-03-03T08:54:56+00:00","breadcrumb":{"@id":"https:\/\/cmediterraneo.com\/?page_id=141#breadcrumb"},"inLanguage":"es","potentialAction":[{"@type":"ReadAction","target":["https:\/\/cmediterraneo.com\/?page_id=141"]}]},{"@type":"ImageObject","inLanguage":"es","@id":"https:\/\/cmediterraneo.com\/?page_id=141#primaryimage","url":"https:\/\/cmediterraneo.com\/wp-content\/uploads\/2021\/03\/Captura-de-pantalla-2021-03-03-a-las-9.51.51.png","contentUrl":"https:\/\/cmediterraneo.com\/wp-content\/uploads\/2021\/03\/Captura-de-pantalla-2021-03-03-a-las-9.51.51.png","width":374,"height":233},{"@type":"BreadcrumbList","@id":"https:\/\/cmediterraneo.com\/?page_id=141#breadcrumb","itemListElement":[{"@type":"ListItem","position":1,"name":"Portada","item":"https:\/\/cmediterraneo.com\/"},{"@type":"ListItem","position":2,"name":"Contacto"}]},{"@type":"WebSite","@id":"https:\/\/cmediterraneo.com\/#website","url":"https:\/\/cmediterraneo.com\/","name":"Centro Mediterr\u00e1neo","description":"Diet\u00e9tica y Nutrici\u00f3n","publisher":{"@id":"https:\/\/cmediterraneo.com\/#organization"},"potentialAction":[{"@type":"SearchAction","target":{"@type":"EntryPoint","urlTemplate":"https:\/\/cmediterraneo.com\/?s={search_term_string}"},"query-input":{"@type":"PropertyValueSpecification","valueRequired":true,"valueName":"search_term_string"}}],"inLanguage":"es"},{"@type":"Organization","@id":"https:\/\/cmediterraneo.com\/#organization","name":"Centro Mediterr\u00e1neo cl\u00ednica multidisciplinar","url":"https:\/\/cmediterraneo.com\/","logo":{"@type":"ImageObject","inLanguage":"es","@id":"https:\/\/cmediterraneo.com\/#\/schema\/logo\/image\/","url":"https:\/\/cmediterraneo.com\/wp-content\/uploads\/2026\/01\/cropped-Diseno-sin-titulo-4.png","contentUrl":"https:\/\/cmediterraneo.com\/wp-content\/uploads\/2026\/01\/cropped-Diseno-sin-titulo-4.png","width":1563,"height":1082,"caption":"Centro Mediterr\u00e1neo cl\u00ednica multidisciplinar"},"image":{"@id":"https:\/\/cmediterraneo.com\/#\/schema\/logo\/image\/"},"sameAs":["https:\/\/www.instagram.com\/centro_mediterraneo\/"]}]}},"_links":{"self":[{"href":"https:\/\/cmediterraneo.com\/index.php?rest_route=\/wp\/v2\/pages\/141","targetHints":{"allow":["GET"]}}],"collection":[{"href":"https:\/\/cmediterraneo.com\/index.php?rest_route=\/wp\/v2\/pages"}],"about":[{"href":"https:\/\/cmediterraneo.com\/index.php?rest_route=\/wp\/v2\/types\/page"}],"author":[{"embeddable":true,"href":"https:\/\/cmediterraneo.com\/index.php?rest_route=\/wp\/v2\/users\/1"}],"replies":[{"embeddable":true,"href":"https:\/\/cmediterraneo.com\/index.php?rest_route=%2Fwp%2Fv2%2Fcomments&post=141"}],"version-history":[{"count":16,"href":"https:\/\/cmediterraneo.com\/index.php?rest_route=\/wp\/v2\/pages\/141\/revisions"}],"predecessor-version":[{"id":520,"href":"https:\/\/cmediterraneo.com\/index.php?rest_route=\/wp\/v2\/pages\/141\/revisions\/520"}],"wp:attachment":[{"href":"https:\/\/cmediterraneo.com\/index.php?rest_route=%2Fwp%2Fv2%2Fmedia&parent=141"}],"curies":[{"name":"wp","href":"https:\/\/api.w.org\/{rel}","templated":true}]}}