{"id":119,"date":"2017-11-20T19:39:35","date_gmt":"2017-11-20T18:39:35","guid":{"rendered":"http:\/\/cmediterraneo.com\/?page_id=119"},"modified":"2026-01-05T19:41:08","modified_gmt":"2026-01-05T18:41:08","slug":"regala-salud-para-2018","status":"publish","type":"page","link":"https:\/\/cmediterraneo.com\/?page_id=119","title":{"rendered":"Nutrici\u00f3n cl\u00ednica y obesidad"},"content":{"rendered":"<p>\u00bfQuieres perder peso? \u00bfTe has planteado mejorar tus h\u00e1bitos alimentarios? \u00bfTienes alguna intolerancia? Nosotros te queremos ayudar.<\/p>\n<ul>\n<li>Todos nuestros dietistas-nutricionistas&nbsp;han cursado estudios universitarios y han realizado el Master Oficial de Nutrici\u00f3n personalizada y cl\u00ednica. Adem\u00e1s est\u00e1n cursando el Doctorado por la Universidad de Valencia.<\/li>\n<li>Siempre nos renovamos, acudimos a cursos, charlas y conferencias para poder ofrecerte el mejor servicio.<\/li>\n<li>No repartimos dietas de caj\u00f3n, Nuestros men\u00fas est\u00e1n totalmente dise\u00f1amos para ti, teniendo en cuenta tu historial cl\u00ednico, enfermedades, tus gustos, tu trabajo, tus horarios, tu estilo de vida. La dieta se adaptar\u00e1 a ti.<\/li>\n<li>No vendemos productos para perder peso. Nuestro \u00fanico inter\u00e9s es que t\u00fa pierdas peso de forma saludable y permanente, sin trucos ni trampas.<\/li>\n<li>Si necesitas apoyo extra, contar\u00e1s con psic\u00f3logos y entrenador personal.<\/li>\n<li>Nos tendr\u00e1s a tu disposici\u00f3n las 24 horas del d\u00eda mediante el correo o el tel\u00e9fono.<\/li>\n<li>Y por \u00faltimo, y para nosotros el m\u00e1s importante: NOS ENCANTA NUESTRO TRABAJO.<\/li>\n<\/ul>\n<p>Si conoces a alguien interesado en recibir asesoramiento nutricional, tenemos la mejor idea de regalo para estas navidades. Desde nuestro centro te damos la opci\u00f3n de regalar salud , pues no hay mayor muestra de cari\u00f1o que ofrecer bienestar. Este a\u00f1o puedes regalar nuestros bonos personalizados. Tu eliges el formato y el dinero que quieres invertir, nosotros nos adaptaremos a tus ideas.<\/p>\n<p><img loading=\"lazy\" decoding=\"async\" class=\"size-medium wp-image-310 alignleft\" src=\"http:\/\/cmediterraneo.com\/wp-content\/uploads\/2017\/11\/DE-300x188.jpg\" alt=\"\" width=\"300\" height=\"188\" srcset=\"https:\/\/cmediterraneo.com\/wp-content\/uploads\/2017\/11\/DE-300x188.jpg 300w, https:\/\/cmediterraneo.com\/wp-content\/uploads\/2017\/11\/DE.jpg 640w\" sizes=\"auto, (max-width: 300px) 100vw, 300px\" \/>Finalmente podr\u00e1s recoger en nuestra consulta el bono junto con una <span style=\"color: #008080;\">caja personalizada<\/span> para cada paciente (tendremos en cuenta los gustos y hobbies de cada uno) y entregaremos el regalo apunto para que lo puedas dejar directamente bajo del arbol.<\/p>\n<p>Puedes obtener m\u00e1s informaci\u00f3n poni\u00e9ndote <span style=\"color: #008080;\"><a style=\"color: #008080;\" href=\"https:\/\/cmediterraneo.com\/?page_id=141\">en contacto con nosotros.<\/a><\/span><\/p>\n","protected":false},"excerpt":{"rendered":"<p>\u00bfQuieres perder peso? \u00bfTe has planteado mejorar tus h\u00e1bitos alimentarios? \u00bfTienes alguna intolerancia? Nosotros te queremos ayudar. Todos nuestros dietistas-nutricionistas&nbsp;han cursado estudios universitarios y han realizado el Master Oficial de Nutrici\u00f3n personalizada y cl\u00ednica. Adem\u00e1s est\u00e1n cursando el Doctorado por la Universidad de Valencia. Siempre nos renovamos, acudimos a cursos, charlas y conferencias para poder&hellip; <\/p>\n","protected":false},"author":1,"featured_media":746,"parent":0,"menu_order":0,"comment_status":"closed","ping_status":"closed","template":"","meta":{"footnotes":""},"class_list":["post-119","page","type-page","status-publish","has-post-thumbnail","hentry"],"yoast_head":"<!-- This site is optimized with the Yoast SEO plugin v26.7 - https:\/\/yoast.com\/wordpress\/plugins\/seo\/ -->\n<title>Nutrici\u00f3n cl\u00ednica y obesidad - Centro Mediterr\u00e1neo<\/title>\n<meta name=\"robots\" content=\"index, follow, max-snippet:-1, max-image-preview:large, max-video-preview:-1\" \/>\n<link rel=\"canonical\" href=\"https:\/\/cmediterraneo.com\/?page_id=119\" \/>\n<meta property=\"og:locale\" content=\"es_ES\" \/>\n<meta property=\"og:type\" content=\"article\" \/>\n<meta property=\"og:title\" content=\"Nutrici\u00f3n cl\u00ednica y obesidad - Centro Mediterr\u00e1neo\" \/>\n<meta property=\"og:description\" content=\"\u00bfQuieres perder peso? \u00bfTe has planteado mejorar tus h\u00e1bitos alimentarios? \u00bfTienes alguna intolerancia? Nosotros te queremos ayudar. Todos nuestros dietistas-nutricionistas&nbsp;han cursado estudios universitarios y han realizado el Master Oficial de Nutrici\u00f3n personalizada y cl\u00ednica. Adem\u00e1s est\u00e1n cursando el Doctorado por la Universidad de Valencia. Siempre nos renovamos, acudimos a cursos, charlas y conferencias para poder&hellip;\" \/>\n<meta property=\"og:url\" content=\"https:\/\/cmediterraneo.com\/?page_id=119\" \/>\n<meta property=\"og:site_name\" content=\"Centro Mediterr\u00e1neo\" \/>\n<meta property=\"article:modified_time\" content=\"2026-01-05T18:41:08+00:00\" \/>\n<meta property=\"og:image\" content=\"https:\/\/cmediterraneo.com\/wp-content\/uploads\/2026\/01\/WhatsApp-Image-2026-01-05-at-12.51.53-2-edited-scaled.jpeg\" \/>\n\t<meta property=\"og:image:width\" content=\"2560\" \/>\n\t<meta property=\"og:image:height\" content=\"2560\" \/>\n\t<meta property=\"og:image:type\" content=\"image\/jpeg\" \/>\n<meta name=\"twitter:card\" content=\"summary_large_image\" \/>\n<meta name=\"twitter:label1\" content=\"Tiempo de lectura\" \/>\n\t<meta name=\"twitter:data1\" content=\"1 minuto\" \/>\n<script type=\"application\/ld+json\" class=\"yoast-schema-graph\">{\"@context\":\"https:\/\/schema.org\",\"@graph\":[{\"@type\":\"WebPage\",\"@id\":\"https:\/\/cmediterraneo.com\/?page_id=119\",\"url\":\"https:\/\/cmediterraneo.com\/?page_id=119\",\"name\":\"Nutrici\u00f3n cl\u00ednica y obesidad - Centro Mediterr\u00e1neo\",\"isPartOf\":{\"@id\":\"https:\/\/cmediterraneo.com\/#website\"},\"primaryImageOfPage\":{\"@id\":\"https:\/\/cmediterraneo.com\/?page_id=119#primaryimage\"},\"image\":{\"@id\":\"https:\/\/cmediterraneo.com\/?page_id=119#primaryimage\"},\"thumbnailUrl\":\"https:\/\/cmediterraneo.com\/wp-content\/uploads\/2026\/01\/WhatsApp-Image-2026-01-05-at-12.51.53-2-edited-scaled.jpeg\",\"datePublished\":\"2017-11-20T18:39:35+00:00\",\"dateModified\":\"2026-01-05T18:41:08+00:00\",\"breadcrumb\":{\"@id\":\"https:\/\/cmediterraneo.com\/?page_id=119#breadcrumb\"},\"inLanguage\":\"es\",\"potentialAction\":[{\"@type\":\"ReadAction\",\"target\":[\"https:\/\/cmediterraneo.com\/?page_id=119\"]}]},{\"@type\":\"ImageObject\",\"inLanguage\":\"es\",\"@id\":\"https:\/\/cmediterraneo.com\/?page_id=119#primaryimage\",\"url\":\"https:\/\/cmediterraneo.com\/wp-content\/uploads\/2026\/01\/WhatsApp-Image-2026-01-05-at-12.51.53-2-edited-scaled.jpeg\",\"contentUrl\":\"https:\/\/cmediterraneo.com\/wp-content\/uploads\/2026\/01\/WhatsApp-Image-2026-01-05-at-12.51.53-2-edited-scaled.jpeg\",\"width\":2560,\"height\":2560},{\"@type\":\"BreadcrumbList\",\"@id\":\"https:\/\/cmediterraneo.com\/?page_id=119#breadcrumb\",\"itemListElement\":[{\"@type\":\"ListItem\",\"position\":1,\"name\":\"Portada\",\"item\":\"https:\/\/cmediterraneo.com\/\"},{\"@type\":\"ListItem\",\"position\":2,\"name\":\"Nutrici\u00f3n cl\u00ednica y obesidad\"}]},{\"@type\":\"WebSite\",\"@id\":\"https:\/\/cmediterraneo.com\/#website\",\"url\":\"https:\/\/cmediterraneo.com\/\",\"name\":\"Centro Mediterr\u00e1neo\",\"description\":\"Diet\u00e9tica y Nutrici\u00f3n\",\"publisher\":{\"@id\":\"https:\/\/cmediterraneo.com\/#organization\"},\"potentialAction\":[{\"@type\":\"SearchAction\",\"target\":{\"@type\":\"EntryPoint\",\"urlTemplate\":\"https:\/\/cmediterraneo.com\/?s={search_term_string}\"},\"query-input\":{\"@type\":\"PropertyValueSpecification\",\"valueRequired\":true,\"valueName\":\"search_term_string\"}}],\"inLanguage\":\"es\"},{\"@type\":\"Organization\",\"@id\":\"https:\/\/cmediterraneo.com\/#organization\",\"name\":\"Centro Mediterr\u00e1neo cl\u00ednica multidisciplinar\",\"url\":\"https:\/\/cmediterraneo.com\/\",\"logo\":{\"@type\":\"ImageObject\",\"inLanguage\":\"es\",\"@id\":\"https:\/\/cmediterraneo.com\/#\/schema\/logo\/image\/\",\"url\":\"https:\/\/cmediterraneo.com\/wp-content\/uploads\/2026\/01\/cropped-Diseno-sin-titulo-4.png\",\"contentUrl\":\"https:\/\/cmediterraneo.com\/wp-content\/uploads\/2026\/01\/cropped-Diseno-sin-titulo-4.png\",\"width\":1563,\"height\":1082,\"caption\":\"Centro Mediterr\u00e1neo cl\u00ednica multidisciplinar\"},\"image\":{\"@id\":\"https:\/\/cmediterraneo.com\/#\/schema\/logo\/image\/\"},\"sameAs\":[\"https:\/\/www.instagram.com\/centro_mediterraneo\/\"]}]}<\/script>\n<!-- \/ Yoast SEO plugin. -->","yoast_head_json":{"title":"Nutrici\u00f3n cl\u00ednica y obesidad - Centro Mediterr\u00e1neo","robots":{"index":"index","follow":"follow","max-snippet":"max-snippet:-1","max-image-preview":"max-image-preview:large","max-video-preview":"max-video-preview:-1"},"canonical":"https:\/\/cmediterraneo.com\/?page_id=119","og_locale":"es_ES","og_type":"article","og_title":"Nutrici\u00f3n cl\u00ednica y obesidad - Centro Mediterr\u00e1neo","og_description":"\u00bfQuieres perder peso? \u00bfTe has planteado mejorar tus h\u00e1bitos alimentarios? \u00bfTienes alguna intolerancia? Nosotros te queremos ayudar. Todos nuestros dietistas-nutricionistas&nbsp;han cursado estudios universitarios y han realizado el Master Oficial de Nutrici\u00f3n personalizada y cl\u00ednica. Adem\u00e1s est\u00e1n cursando el Doctorado por la Universidad de Valencia. Siempre nos renovamos, acudimos a cursos, charlas y conferencias para poder&hellip;","og_url":"https:\/\/cmediterraneo.com\/?page_id=119","og_site_name":"Centro Mediterr\u00e1neo","article_modified_time":"2026-01-05T18:41:08+00:00","og_image":[{"width":2560,"height":2560,"url":"https:\/\/cmediterraneo.com\/wp-content\/uploads\/2026\/01\/WhatsApp-Image-2026-01-05-at-12.51.53-2-edited-scaled.jpeg","type":"image\/jpeg"}],"twitter_card":"summary_large_image","twitter_misc":{"Tiempo de lectura":"1 minuto"},"schema":{"@context":"https:\/\/schema.org","@graph":[{"@type":"WebPage","@id":"https:\/\/cmediterraneo.com\/?page_id=119","url":"https:\/\/cmediterraneo.com\/?page_id=119","name":"Nutrici\u00f3n cl\u00ednica y obesidad - Centro Mediterr\u00e1neo","isPartOf":{"@id":"https:\/\/cmediterraneo.com\/#website"},"primaryImageOfPage":{"@id":"https:\/\/cmediterraneo.com\/?page_id=119#primaryimage"},"image":{"@id":"https:\/\/cmediterraneo.com\/?page_id=119#primaryimage"},"thumbnailUrl":"https:\/\/cmediterraneo.com\/wp-content\/uploads\/2026\/01\/WhatsApp-Image-2026-01-05-at-12.51.53-2-edited-scaled.jpeg","datePublished":"2017-11-20T18:39:35+00:00","dateModified":"2026-01-05T18:41:08+00:00","breadcrumb":{"@id":"https:\/\/cmediterraneo.com\/?page_id=119#breadcrumb"},"inLanguage":"es","potentialAction":[{"@type":"ReadAction","target":["https:\/\/cmediterraneo.com\/?page_id=119"]}]},{"@type":"ImageObject","inLanguage":"es","@id":"https:\/\/cmediterraneo.com\/?page_id=119#primaryimage","url":"https:\/\/cmediterraneo.com\/wp-content\/uploads\/2026\/01\/WhatsApp-Image-2026-01-05-at-12.51.53-2-edited-scaled.jpeg","contentUrl":"https:\/\/cmediterraneo.com\/wp-content\/uploads\/2026\/01\/WhatsApp-Image-2026-01-05-at-12.51.53-2-edited-scaled.jpeg","width":2560,"height":2560},{"@type":"BreadcrumbList","@id":"https:\/\/cmediterraneo.com\/?page_id=119#breadcrumb","itemListElement":[{"@type":"ListItem","position":1,"name":"Portada","item":"https:\/\/cmediterraneo.com\/"},{"@type":"ListItem","position":2,"name":"Nutrici\u00f3n cl\u00ednica y obesidad"}]},{"@type":"WebSite","@id":"https:\/\/cmediterraneo.com\/#website","url":"https:\/\/cmediterraneo.com\/","name":"Centro Mediterr\u00e1neo","description":"Diet\u00e9tica y Nutrici\u00f3n","publisher":{"@id":"https:\/\/cmediterraneo.com\/#organization"},"potentialAction":[{"@type":"SearchAction","target":{"@type":"EntryPoint","urlTemplate":"https:\/\/cmediterraneo.com\/?s={search_term_string}"},"query-input":{"@type":"PropertyValueSpecification","valueRequired":true,"valueName":"search_term_string"}}],"inLanguage":"es"},{"@type":"Organization","@id":"https:\/\/cmediterraneo.com\/#organization","name":"Centro Mediterr\u00e1neo cl\u00ednica multidisciplinar","url":"https:\/\/cmediterraneo.com\/","logo":{"@type":"ImageObject","inLanguage":"es","@id":"https:\/\/cmediterraneo.com\/#\/schema\/logo\/image\/","url":"https:\/\/cmediterraneo.com\/wp-content\/uploads\/2026\/01\/cropped-Diseno-sin-titulo-4.png","contentUrl":"https:\/\/cmediterraneo.com\/wp-content\/uploads\/2026\/01\/cropped-Diseno-sin-titulo-4.png","width":1563,"height":1082,"caption":"Centro Mediterr\u00e1neo cl\u00ednica multidisciplinar"},"image":{"@id":"https:\/\/cmediterraneo.com\/#\/schema\/logo\/image\/"},"sameAs":["https:\/\/www.instagram.com\/centro_mediterraneo\/"]}]}},"_links":{"self":[{"href":"https:\/\/cmediterraneo.com\/index.php?rest_route=\/wp\/v2\/pages\/119","targetHints":{"allow":["GET"]}}],"collection":[{"href":"https:\/\/cmediterraneo.com\/index.php?rest_route=\/wp\/v2\/pages"}],"about":[{"href":"https:\/\/cmediterraneo.com\/index.php?rest_route=\/wp\/v2\/types\/page"}],"author":[{"embeddable":true,"href":"https:\/\/cmediterraneo.com\/index.php?rest_route=\/wp\/v2\/users\/1"}],"replies":[{"embeddable":true,"href":"https:\/\/cmediterraneo.com\/index.php?rest_route=%2Fwp%2Fv2%2Fcomments&post=119"}],"version-history":[{"count":17,"href":"https:\/\/cmediterraneo.com\/index.php?rest_route=\/wp\/v2\/pages\/119\/revisions"}],"predecessor-version":[{"id":775,"href":"https:\/\/cmediterraneo.com\/index.php?rest_route=\/wp\/v2\/pages\/119\/revisions\/775"}],"wp:featuredmedia":[{"embeddable":true,"href":"https:\/\/cmediterraneo.com\/index.php?rest_route=\/wp\/v2\/media\/746"}],"wp:attachment":[{"href":"https:\/\/cmediterraneo.com\/index.php?rest_route=%2Fwp%2Fv2%2Fmedia&parent=119"}],"curies":[{"name":"wp","href":"https:\/\/api.w.org\/{rel}","templated":true}]}}