{"id":117,"date":"2017-11-20T19:39:02","date_gmt":"2017-11-20T18:39:02","guid":{"rendered":"http:\/\/cmediterraneo.com\/?page_id=117"},"modified":"2026-01-05T20:53:57","modified_gmt":"2026-01-05T19:53:57","slug":"recetas","status":"publish","type":"page","link":"https:\/\/cmediterraneo.com\/?page_id=117","title":{"rendered":"RECETAS"},"content":{"rendered":"","protected":false},"excerpt":{"rendered":"","protected":false},"author":1,"featured_media":784,"parent":0,"menu_order":0,"comment_status":"closed","ping_status":"closed","template":"","meta":{"footnotes":""},"class_list":["post-117","page","type-page","status-publish","has-post-thumbnail","hentry"],"yoast_head":"<!-- This site is optimized with the Yoast SEO plugin v26.7 - https:\/\/yoast.com\/wordpress\/plugins\/seo\/ -->\n<title>RECETAS - Centro Mediterr\u00e1neo<\/title>\n<meta name=\"robots\" content=\"index, follow, max-snippet:-1, max-image-preview:large, max-video-preview:-1\" \/>\n<link rel=\"canonical\" href=\"https:\/\/cmediterraneo.com\/?page_id=117\" \/>\n<meta property=\"og:locale\" content=\"es_ES\" \/>\n<meta property=\"og:type\" content=\"article\" \/>\n<meta property=\"og:title\" content=\"RECETAS - Centro Mediterr\u00e1neo\" \/>\n<meta property=\"og:url\" content=\"https:\/\/cmediterraneo.com\/?page_id=117\" \/>\n<meta property=\"og:site_name\" content=\"Centro Mediterr\u00e1neo\" \/>\n<meta property=\"article:modified_time\" content=\"2026-01-05T19:53:57+00:00\" \/>\n<meta property=\"og:image\" content=\"https:\/\/cmediterraneo.com\/wp-content\/uploads\/2026\/01\/pexels-karola-g-4033114-1-scaled.jpg\" \/>\n\t<meta property=\"og:image:width\" content=\"1707\" \/>\n\t<meta property=\"og:image:height\" content=\"2560\" \/>\n\t<meta property=\"og:image:type\" content=\"image\/jpeg\" \/>\n<meta name=\"twitter:card\" content=\"summary_large_image\" \/>\n<script type=\"application\/ld+json\" class=\"yoast-schema-graph\">{\"@context\":\"https:\/\/schema.org\",\"@graph\":[{\"@type\":\"WebPage\",\"@id\":\"https:\/\/cmediterraneo.com\/?page_id=117\",\"url\":\"https:\/\/cmediterraneo.com\/?page_id=117\",\"name\":\"RECETAS - Centro Mediterr\u00e1neo\",\"isPartOf\":{\"@id\":\"https:\/\/cmediterraneo.com\/#website\"},\"primaryImageOfPage\":{\"@id\":\"https:\/\/cmediterraneo.com\/?page_id=117#primaryimage\"},\"image\":{\"@id\":\"https:\/\/cmediterraneo.com\/?page_id=117#primaryimage\"},\"thumbnailUrl\":\"https:\/\/cmediterraneo.com\/wp-content\/uploads\/2026\/01\/pexels-karola-g-4033114-1-scaled.jpg\",\"datePublished\":\"2017-11-20T18:39:02+00:00\",\"dateModified\":\"2026-01-05T19:53:57+00:00\",\"breadcrumb\":{\"@id\":\"https:\/\/cmediterraneo.com\/?page_id=117#breadcrumb\"},\"inLanguage\":\"es\",\"potentialAction\":[{\"@type\":\"ReadAction\",\"target\":[\"https:\/\/cmediterraneo.com\/?page_id=117\"]}]},{\"@type\":\"ImageObject\",\"inLanguage\":\"es\",\"@id\":\"https:\/\/cmediterraneo.com\/?page_id=117#primaryimage\",\"url\":\"https:\/\/cmediterraneo.com\/wp-content\/uploads\/2026\/01\/pexels-karola-g-4033114-1-scaled.jpg\",\"contentUrl\":\"https:\/\/cmediterraneo.com\/wp-content\/uploads\/2026\/01\/pexels-karola-g-4033114-1-scaled.jpg\",\"width\":1707,\"height\":2560},{\"@type\":\"BreadcrumbList\",\"@id\":\"https:\/\/cmediterraneo.com\/?page_id=117#breadcrumb\",\"itemListElement\":[{\"@type\":\"ListItem\",\"position\":1,\"name\":\"Portada\",\"item\":\"https:\/\/cmediterraneo.com\/\"},{\"@type\":\"ListItem\",\"position\":2,\"name\":\"RECETAS\"}]},{\"@type\":\"WebSite\",\"@id\":\"https:\/\/cmediterraneo.com\/#website\",\"url\":\"https:\/\/cmediterraneo.com\/\",\"name\":\"Centro Mediterr\u00e1neo\",\"description\":\"Diet\u00e9tica y Nutrici\u00f3n\",\"publisher\":{\"@id\":\"https:\/\/cmediterraneo.com\/#organization\"},\"potentialAction\":[{\"@type\":\"SearchAction\",\"target\":{\"@type\":\"EntryPoint\",\"urlTemplate\":\"https:\/\/cmediterraneo.com\/?s={search_term_string}\"},\"query-input\":{\"@type\":\"PropertyValueSpecification\",\"valueRequired\":true,\"valueName\":\"search_term_string\"}}],\"inLanguage\":\"es\"},{\"@type\":\"Organization\",\"@id\":\"https:\/\/cmediterraneo.com\/#organization\",\"name\":\"Centro Mediterr\u00e1neo cl\u00ednica multidisciplinar\",\"url\":\"https:\/\/cmediterraneo.com\/\",\"logo\":{\"@type\":\"ImageObject\",\"inLanguage\":\"es\",\"@id\":\"https:\/\/cmediterraneo.com\/#\/schema\/logo\/image\/\",\"url\":\"https:\/\/cmediterraneo.com\/wp-content\/uploads\/2026\/01\/cropped-Diseno-sin-titulo-4.png\",\"contentUrl\":\"https:\/\/cmediterraneo.com\/wp-content\/uploads\/2026\/01\/cropped-Diseno-sin-titulo-4.png\",\"width\":1563,\"height\":1082,\"caption\":\"Centro Mediterr\u00e1neo cl\u00ednica multidisciplinar\"},\"image\":{\"@id\":\"https:\/\/cmediterraneo.com\/#\/schema\/logo\/image\/\"},\"sameAs\":[\"https:\/\/www.instagram.com\/centro_mediterraneo\/\"]}]}<\/script>\n<!-- \/ Yoast SEO plugin. -->","yoast_head_json":{"title":"RECETAS - Centro Mediterr\u00e1neo","robots":{"index":"index","follow":"follow","max-snippet":"max-snippet:-1","max-image-preview":"max-image-preview:large","max-video-preview":"max-video-preview:-1"},"canonical":"https:\/\/cmediterraneo.com\/?page_id=117","og_locale":"es_ES","og_type":"article","og_title":"RECETAS - Centro Mediterr\u00e1neo","og_url":"https:\/\/cmediterraneo.com\/?page_id=117","og_site_name":"Centro Mediterr\u00e1neo","article_modified_time":"2026-01-05T19:53:57+00:00","og_image":[{"width":1707,"height":2560,"url":"https:\/\/cmediterraneo.com\/wp-content\/uploads\/2026\/01\/pexels-karola-g-4033114-1-scaled.jpg","type":"image\/jpeg"}],"twitter_card":"summary_large_image","schema":{"@context":"https:\/\/schema.org","@graph":[{"@type":"WebPage","@id":"https:\/\/cmediterraneo.com\/?page_id=117","url":"https:\/\/cmediterraneo.com\/?page_id=117","name":"RECETAS - Centro Mediterr\u00e1neo","isPartOf":{"@id":"https:\/\/cmediterraneo.com\/#website"},"primaryImageOfPage":{"@id":"https:\/\/cmediterraneo.com\/?page_id=117#primaryimage"},"image":{"@id":"https:\/\/cmediterraneo.com\/?page_id=117#primaryimage"},"thumbnailUrl":"https:\/\/cmediterraneo.com\/wp-content\/uploads\/2026\/01\/pexels-karola-g-4033114-1-scaled.jpg","datePublished":"2017-11-20T18:39:02+00:00","dateModified":"2026-01-05T19:53:57+00:00","breadcrumb":{"@id":"https:\/\/cmediterraneo.com\/?page_id=117#breadcrumb"},"inLanguage":"es","potentialAction":[{"@type":"ReadAction","target":["https:\/\/cmediterraneo.com\/?page_id=117"]}]},{"@type":"ImageObject","inLanguage":"es","@id":"https:\/\/cmediterraneo.com\/?page_id=117#primaryimage","url":"https:\/\/cmediterraneo.com\/wp-content\/uploads\/2026\/01\/pexels-karola-g-4033114-1-scaled.jpg","contentUrl":"https:\/\/cmediterraneo.com\/wp-content\/uploads\/2026\/01\/pexels-karola-g-4033114-1-scaled.jpg","width":1707,"height":2560},{"@type":"BreadcrumbList","@id":"https:\/\/cmediterraneo.com\/?page_id=117#breadcrumb","itemListElement":[{"@type":"ListItem","position":1,"name":"Portada","item":"https:\/\/cmediterraneo.com\/"},{"@type":"ListItem","position":2,"name":"RECETAS"}]},{"@type":"WebSite","@id":"https:\/\/cmediterraneo.com\/#website","url":"https:\/\/cmediterraneo.com\/","name":"Centro Mediterr\u00e1neo","description":"Diet\u00e9tica y Nutrici\u00f3n","publisher":{"@id":"https:\/\/cmediterraneo.com\/#organization"},"potentialAction":[{"@type":"SearchAction","target":{"@type":"EntryPoint","urlTemplate":"https:\/\/cmediterraneo.com\/?s={search_term_string}"},"query-input":{"@type":"PropertyValueSpecification","valueRequired":true,"valueName":"search_term_string"}}],"inLanguage":"es"},{"@type":"Organization","@id":"https:\/\/cmediterraneo.com\/#organization","name":"Centro Mediterr\u00e1neo cl\u00ednica multidisciplinar","url":"https:\/\/cmediterraneo.com\/","logo":{"@type":"ImageObject","inLanguage":"es","@id":"https:\/\/cmediterraneo.com\/#\/schema\/logo\/image\/","url":"https:\/\/cmediterraneo.com\/wp-content\/uploads\/2026\/01\/cropped-Diseno-sin-titulo-4.png","contentUrl":"https:\/\/cmediterraneo.com\/wp-content\/uploads\/2026\/01\/cropped-Diseno-sin-titulo-4.png","width":1563,"height":1082,"caption":"Centro Mediterr\u00e1neo cl\u00ednica multidisciplinar"},"image":{"@id":"https:\/\/cmediterraneo.com\/#\/schema\/logo\/image\/"},"sameAs":["https:\/\/www.instagram.com\/centro_mediterraneo\/"]}]}},"_links":{"self":[{"href":"https:\/\/cmediterraneo.com\/index.php?rest_route=\/wp\/v2\/pages\/117","targetHints":{"allow":["GET"]}}],"collection":[{"href":"https:\/\/cmediterraneo.com\/index.php?rest_route=\/wp\/v2\/pages"}],"about":[{"href":"https:\/\/cmediterraneo.com\/index.php?rest_route=\/wp\/v2\/types\/page"}],"author":[{"embeddable":true,"href":"https:\/\/cmediterraneo.com\/index.php?rest_route=\/wp\/v2\/users\/1"}],"replies":[{"embeddable":true,"href":"https:\/\/cmediterraneo.com\/index.php?rest_route=%2Fwp%2Fv2%2Fcomments&post=117"}],"version-history":[{"count":1,"href":"https:\/\/cmediterraneo.com\/index.php?rest_route=\/wp\/v2\/pages\/117\/revisions"}],"predecessor-version":[{"id":118,"href":"https:\/\/cmediterraneo.com\/index.php?rest_route=\/wp\/v2\/pages\/117\/revisions\/118"}],"wp:featuredmedia":[{"embeddable":true,"href":"https:\/\/cmediterraneo.com\/index.php?rest_route=\/wp\/v2\/media\/784"}],"wp:attachment":[{"href":"https:\/\/cmediterraneo.com\/index.php?rest_route=%2Fwp%2Fv2%2Fmedia&parent=117"}],"curies":[{"name":"wp","href":"https:\/\/api.w.org\/{rel}","templated":true}]}}